{"id":21796,"date":"2024-12-27T16:47:41","date_gmt":"2024-12-27T13:47:41","guid":{"rendered":"https:\/\/kervanmagazacilik.com\/?post_type=product&#038;p=21796"},"modified":"2024-12-30T09:12:03","modified_gmt":"2024-12-30T06:12:03","slug":"733etr000001-2","status":"publish","type":"product","link":"https:\/\/kervanmagazacilik.com\/index.php\/urun\/733etr000001-2\/","title":{"rendered":"759ETR000001"},"content":{"rendered":"<p>759ETR000001<\/p>\n<p>YVE AV\u0130ZE 51x51x61cm<\/p>\n<p>Rattan &#8211; Metal<\/p>\n<p>Mobilya do\u011frudan g\u00fcne\u015f \u0131\u015f\u0131\u011f\u0131na maruz kalmadan kuru ortamda tutulmal\u0131d\u0131r.<br \/>\nMobilyay\u0131 temizlemek i\u00e7in temiz ve yumu\u015fak bir bezle silmeniz yeterlidir.<\/p>\n","protected":false},"excerpt":{"rendered":"<p>759ETR000001 YVE AV\u0130ZE 51x51x61cm Rattan &#8211; Metal Mobilya do\u011frudan g\u00fcne\u015f \u0131\u015f\u0131\u011f\u0131na maruz kalmadan kuru ortamda tutulmal\u0131d\u0131r. Mobilyay\u0131 temizlemek i\u00e7in temiz ve yumu\u015fak bir bezle silmeniz yeterlidir.<\/p>\n","protected":false},"featured_media":21801,"template":"","meta":[],"product_brand":[],"product_cat":[4909],"product_tag":[4966],"class_list":{"0":"post-21796","1":"product","2":"type-product","3":"status-publish","4":"has-post-thumbnail","6":"product_cat-759etr","7":"product_tag-759etr000001","9":"first","10":"instock","11":"taxable","12":"shipping-taxable","13":"product-type-simple"},"_links":{"self":[{"href":"https:\/\/kervanmagazacilik.com\/index.php\/wp-json\/wp\/v2\/product\/21796","targetHints":{"allow":["GET"]}}],"collection":[{"href":"https:\/\/kervanmagazacilik.com\/index.php\/wp-json\/wp\/v2\/product"}],"about":[{"href":"https:\/\/kervanmagazacilik.com\/index.php\/wp-json\/wp\/v2\/types\/product"}],"wp:featuredmedia":[{"embeddable":true,"href":"https:\/\/kervanmagazacilik.com\/index.php\/wp-json\/wp\/v2\/media\/21801"}],"wp:attachment":[{"href":"https:\/\/kervanmagazacilik.com\/index.php\/wp-json\/wp\/v2\/media?parent=21796"}],"wp:term":[{"taxonomy":"product_brand","embeddable":true,"href":"https:\/\/kervanmagazacilik.com\/index.php\/wp-json\/wp\/v2\/product_brand?post=21796"},{"taxonomy":"product_cat","embeddable":true,"href":"https:\/\/kervanmagazacilik.com\/index.php\/wp-json\/wp\/v2\/product_cat?post=21796"},{"taxonomy":"product_tag","embeddable":true,"href":"https:\/\/kervanmagazacilik.com\/index.php\/wp-json\/wp\/v2\/product_tag?post=21796"}],"curies":[{"name":"wp","href":"https:\/\/api.w.org\/{rel}","templated":true}]}}