{"id":21793,"date":"2024-12-27T16:42:53","date_gmt":"2024-12-27T13:42:53","guid":{"rendered":"https:\/\/kervanmagazacilik.com\/?post_type=product&#038;p=21793"},"modified":"2024-12-30T09:09:06","modified_gmt":"2024-12-30T06:09:06","slug":"733etr000005","status":"publish","type":"product","link":"https:\/\/kervanmagazacilik.com\/index.php\/urun\/733etr000005\/","title":{"rendered":"733ETR000005"},"content":{"rendered":"<p>733ETR000005<\/p>\n<p>RAFA AYNA 120x7x120cm<\/p>\n<p>Mobilya do\u011frudan g\u00fcne\u015f \u0131\u015f\u0131\u011f\u0131na maruz kalmadan kuru ortamda tutulmal\u0131d\u0131r.<br \/>\nMobilyay\u0131 temizlemek i\u00e7in temiz ve yumu\u015fak bir bezle silmeniz yeterlidir.<br \/>\nCam\u0131 temizlemek i\u00e7in cam temizleyici sabun ile temiz bir bez kullan\u0131n<\/p>\n","protected":false},"excerpt":{"rendered":"<p>733ETR000005 RAFA AYNA 120x7x120cm Mobilya do\u011frudan g\u00fcne\u015f \u0131\u015f\u0131\u011f\u0131na maruz kalmadan kuru ortamda tutulmal\u0131d\u0131r. Mobilyay\u0131 temizlemek i\u00e7in temiz ve yumu\u015fak bir bezle silmeniz yeterlidir. Cam\u0131 temizlemek i\u00e7in cam temizleyici sabun ile temiz bir bez kullan\u0131n<\/p>\n","protected":false},"featured_media":21846,"template":"","meta":[],"product_brand":[],"product_cat":[4908],"product_tag":[],"class_list":{"0":"post-21793","1":"product","2":"type-product","3":"status-publish","4":"has-post-thumbnail","6":"product_cat-733etr","8":"first","9":"instock","10":"taxable","11":"shipping-taxable","12":"product-type-simple"},"_links":{"self":[{"href":"https:\/\/kervanmagazacilik.com\/index.php\/wp-json\/wp\/v2\/product\/21793","targetHints":{"allow":["GET"]}}],"collection":[{"href":"https:\/\/kervanmagazacilik.com\/index.php\/wp-json\/wp\/v2\/product"}],"about":[{"href":"https:\/\/kervanmagazacilik.com\/index.php\/wp-json\/wp\/v2\/types\/product"}],"wp:featuredmedia":[{"embeddable":true,"href":"https:\/\/kervanmagazacilik.com\/index.php\/wp-json\/wp\/v2\/media\/21846"}],"wp:attachment":[{"href":"https:\/\/kervanmagazacilik.com\/index.php\/wp-json\/wp\/v2\/media?parent=21793"}],"wp:term":[{"taxonomy":"product_brand","embeddable":true,"href":"https:\/\/kervanmagazacilik.com\/index.php\/wp-json\/wp\/v2\/product_brand?post=21793"},{"taxonomy":"product_cat","embeddable":true,"href":"https:\/\/kervanmagazacilik.com\/index.php\/wp-json\/wp\/v2\/product_cat?post=21793"},{"taxonomy":"product_tag","embeddable":true,"href":"https:\/\/kervanmagazacilik.com\/index.php\/wp-json\/wp\/v2\/product_tag?post=21793"}],"curies":[{"name":"wp","href":"https:\/\/api.w.org\/{rel}","templated":true}]}}