{"id":21785,"date":"2024-12-27T16:27:50","date_gmt":"2024-12-27T13:27:50","guid":{"rendered":"https:\/\/kervanmagazacilik.com\/?post_type=product&#038;p=21785"},"modified":"2024-12-27T17:57:00","modified_gmt":"2024-12-27T14:57:00","slug":"733etr000002","status":"publish","type":"product","link":"https:\/\/kervanmagazacilik.com\/index.php\/urun\/733etr000002\/","title":{"rendered":"733ETR000002"},"content":{"rendered":"<p>733ETR000002<\/p>\n<p>AURORA AYNA 112x3x112cm<\/p>\n<p>Mobilya do\u011frudan g\u00fcne\u015f \u0131\u015f\u0131\u011f\u0131na maruz kalmadan kuru ortamda tutulmal\u0131d\u0131r.<br \/>\nMobilyay\u0131 temizlemek i\u00e7in temiz ve yumu\u015fak bir bezle silmeniz yeterlidir.<br \/>\nCam\u0131 temizlemek i\u00e7in cam temizleyici sabun ile temiz bir bez kullan\u0131n<\/p>\n","protected":false},"excerpt":{"rendered":"<p>733ETR000002 AURORA AYNA 112x3x112cm Mobilya do\u011frudan g\u00fcne\u015f \u0131\u015f\u0131\u011f\u0131na maruz kalmadan kuru ortamda tutulmal\u0131d\u0131r. Mobilyay\u0131 temizlemek i\u00e7in temiz ve yumu\u015fak bir bezle silmeniz yeterlidir. Cam\u0131 temizlemek i\u00e7in cam temizleyici sabun ile temiz bir bez kullan\u0131n<\/p>\n","protected":false},"featured_media":21844,"template":"","meta":[],"product_brand":[],"product_cat":[4908],"product_tag":[4953],"class_list":{"0":"post-21785","1":"product","2":"type-product","3":"status-publish","4":"has-post-thumbnail","6":"product_cat-733etr","7":"product_tag-733etr000002","9":"first","10":"instock","11":"taxable","12":"shipping-taxable","13":"product-type-simple"},"_links":{"self":[{"href":"https:\/\/kervanmagazacilik.com\/index.php\/wp-json\/wp\/v2\/product\/21785","targetHints":{"allow":["GET"]}}],"collection":[{"href":"https:\/\/kervanmagazacilik.com\/index.php\/wp-json\/wp\/v2\/product"}],"about":[{"href":"https:\/\/kervanmagazacilik.com\/index.php\/wp-json\/wp\/v2\/types\/product"}],"wp:featuredmedia":[{"embeddable":true,"href":"https:\/\/kervanmagazacilik.com\/index.php\/wp-json\/wp\/v2\/media\/21844"}],"wp:attachment":[{"href":"https:\/\/kervanmagazacilik.com\/index.php\/wp-json\/wp\/v2\/media?parent=21785"}],"wp:term":[{"taxonomy":"product_brand","embeddable":true,"href":"https:\/\/kervanmagazacilik.com\/index.php\/wp-json\/wp\/v2\/product_brand?post=21785"},{"taxonomy":"product_cat","embeddable":true,"href":"https:\/\/kervanmagazacilik.com\/index.php\/wp-json\/wp\/v2\/product_cat?post=21785"},{"taxonomy":"product_tag","embeddable":true,"href":"https:\/\/kervanmagazacilik.com\/index.php\/wp-json\/wp\/v2\/product_tag?post=21785"}],"curies":[{"name":"wp","href":"https:\/\/api.w.org\/{rel}","templated":true}]}}