{"id":21567,"date":"2024-12-27T09:08:14","date_gmt":"2024-12-27T06:08:14","guid":{"rendered":"https:\/\/kervanmagazacilik.com\/?post_type=product&#038;p=21567"},"modified":"2024-12-27T09:08:15","modified_gmt":"2024-12-27T06:08:15","slug":"720arp000017","status":"publish","type":"product","link":"https:\/\/kervanmagazacilik.com\/index.php\/urun\/720arp000017\/","title":{"rendered":"720ARP000017"},"content":{"rendered":"<p>720ARP000017<\/p>\n<p>S\u00dcTUN LAMBADER 50X180 CM KREM<\/p>\n<p>KURU BEZ ILE TOZ ALINMALIDIR.<\/p>\n<p>\u00d6l\u00e7\u00fcler +\/- 5 cm de\u011fi\u015fkenlik g\u00f6sterebilir<\/p>\n<p>POLYESTER<\/p>\n<p>&nbsp;<\/p>\n","protected":false},"excerpt":{"rendered":"<p>720ARP000017 S\u00dcTUN LAMBADER 50X180 CM KREM KURU BEZ ILE TOZ ALINMALIDIR. \u00d6l\u00e7\u00fcler +\/- 5 cm de\u011fi\u015fkenlik g\u00f6sterebilir POLYESTER &nbsp;<\/p>\n","protected":false},"featured_media":21579,"template":"","meta":[],"product_brand":[],"product_cat":[175],"product_tag":[4913],"class_list":{"0":"post-21567","1":"product","2":"type-product","3":"status-publish","4":"has-post-thumbnail","6":"product_cat-720arp","7":"product_tag-720arp000017","9":"first","10":"instock","11":"taxable","12":"shipping-taxable","13":"product-type-simple"},"_links":{"self":[{"href":"https:\/\/kervanmagazacilik.com\/index.php\/wp-json\/wp\/v2\/product\/21567","targetHints":{"allow":["GET"]}}],"collection":[{"href":"https:\/\/kervanmagazacilik.com\/index.php\/wp-json\/wp\/v2\/product"}],"about":[{"href":"https:\/\/kervanmagazacilik.com\/index.php\/wp-json\/wp\/v2\/types\/product"}],"wp:featuredmedia":[{"embeddable":true,"href":"https:\/\/kervanmagazacilik.com\/index.php\/wp-json\/wp\/v2\/media\/21579"}],"wp:attachment":[{"href":"https:\/\/kervanmagazacilik.com\/index.php\/wp-json\/wp\/v2\/media?parent=21567"}],"wp:term":[{"taxonomy":"product_brand","embeddable":true,"href":"https:\/\/kervanmagazacilik.com\/index.php\/wp-json\/wp\/v2\/product_brand?post=21567"},{"taxonomy":"product_cat","embeddable":true,"href":"https:\/\/kervanmagazacilik.com\/index.php\/wp-json\/wp\/v2\/product_cat?post=21567"},{"taxonomy":"product_tag","embeddable":true,"href":"https:\/\/kervanmagazacilik.com\/index.php\/wp-json\/wp\/v2\/product_tag?post=21567"}],"curies":[{"name":"wp","href":"https:\/\/api.w.org\/{rel}","templated":true}]}}