{"id":21563,"date":"2025-01-02T12:05:15","date_gmt":"2025-01-02T09:05:15","guid":{"rendered":"https:\/\/kervanmagazacilik.com\/?post_type=product&#038;p=21563"},"modified":"2025-01-02T12:05:16","modified_gmt":"2025-01-02T09:05:16","slug":"611pym000042","status":"publish","type":"product","link":"https:\/\/kervanmagazacilik.com\/index.php\/urun\/611pym000042\/","title":{"rendered":"611PYM000042"},"content":{"rendered":"<p>611PYM000042<\/p>\n<p>LORA D\u00d6RTL\u00dc KOLTUK KREM 95x285x65cm (BOX 9857)<\/p>\n<p>&nbsp;<\/p>\n<p>%47 PES &#8211; %53 POLIPROPILEN<\/p>\n<p>Kuma\u015f Temizli\u011fi;<br \/>\nG\u00fcne\u015ften uzak tutulmal\u0131d\u0131r. Temizlerken kimyasal madde kullan\u0131lmamal\u0131d\u0131r.<br \/>\nProfesyonel temizleme deste\u011fi \u00f6nerilir.<\/p>\n","protected":false},"excerpt":{"rendered":"<p>611PYM000042 LORA D\u00d6RTL\u00dc KOLTUK KREM 95x285x65cm (BOX 9857) &nbsp; %47 PES &#8211; %53 POLIPROPILEN Kuma\u015f Temizli\u011fi; G\u00fcne\u015ften uzak tutulmal\u0131d\u0131r. Temizlerken kimyasal madde kullan\u0131lmamal\u0131d\u0131r. Profesyonel temizleme deste\u011fi \u00f6nerilir.<\/p>\n","protected":false},"featured_media":22073,"template":"","meta":[],"product_brand":[],"product_cat":[73],"product_tag":[4912],"class_list":{"0":"post-21563","1":"product","2":"type-product","3":"status-publish","4":"has-post-thumbnail","6":"product_cat-611pym","7":"product_tag-611pym000042","9":"first","10":"instock","11":"taxable","12":"shipping-taxable","13":"product-type-simple"},"_links":{"self":[{"href":"https:\/\/kervanmagazacilik.com\/index.php\/wp-json\/wp\/v2\/product\/21563","targetHints":{"allow":["GET"]}}],"collection":[{"href":"https:\/\/kervanmagazacilik.com\/index.php\/wp-json\/wp\/v2\/product"}],"about":[{"href":"https:\/\/kervanmagazacilik.com\/index.php\/wp-json\/wp\/v2\/types\/product"}],"wp:featuredmedia":[{"embeddable":true,"href":"https:\/\/kervanmagazacilik.com\/index.php\/wp-json\/wp\/v2\/media\/22073"}],"wp:attachment":[{"href":"https:\/\/kervanmagazacilik.com\/index.php\/wp-json\/wp\/v2\/media?parent=21563"}],"wp:term":[{"taxonomy":"product_brand","embeddable":true,"href":"https:\/\/kervanmagazacilik.com\/index.php\/wp-json\/wp\/v2\/product_brand?post=21563"},{"taxonomy":"product_cat","embeddable":true,"href":"https:\/\/kervanmagazacilik.com\/index.php\/wp-json\/wp\/v2\/product_cat?post=21563"},{"taxonomy":"product_tag","embeddable":true,"href":"https:\/\/kervanmagazacilik.com\/index.php\/wp-json\/wp\/v2\/product_tag?post=21563"}],"curies":[{"name":"wp","href":"https:\/\/api.w.org\/{rel}","templated":true}]}}