{"id":21561,"date":"2024-12-26T18:01:24","date_gmt":"2024-12-26T15:01:24","guid":{"rendered":"https:\/\/kervanmagazacilik.com\/?post_type=product&#038;p=21561"},"modified":"2025-01-27T10:25:42","modified_gmt":"2025-01-27T07:25:42","slug":"611shc000005","status":"publish","type":"product","link":"https:\/\/kervanmagazacilik.com\/index.php\/urun\/611shc000005\/","title":{"rendered":"611SHC000005"},"content":{"rendered":"<p>611SHC000005<\/p>\n<p>C\u0130B\u0130NL\u0130KL\u0130 \u00c7EL\u0130K YATAK S\u0130YAH 160x200cm QS-043-M-BK<\/p>\n<p>Yumu\u015fak bir parlatma bezi ile s\u0131k s\u0131k toz almak, zamanla cilaya zarar verebilecek a\u015f\u0131nd\u0131r\u0131c\u0131 toz birikintilerini giderecektir.<br \/>\nT\u00fcm s\u0131v\u0131lar hemen yumu\u015fak, hafif nemli bir bezle silinmeli ve hemen ard\u0131ndan kuru bir bez yard\u0131m\u0131yla kurutulmal\u0131d\u0131r. Bir leke ne kadar uzun s\u00fcre bekletilirse, temizlenmesi o kadar zor olacakt\u0131r. \u0130nat\u00e7\u0131 lekeler n\u00f6tr, hafif bir deterjan kar\u0131\u015f\u0131m\u0131 (bula\u015f\u0131k deterjan\u0131) kullan\u0131larak az miktarda kullan\u0131lmal\u0131 ve kullan\u0131mdan hemen sonra kurutulmal\u0131d\u0131r.<br \/>\nMobilyalar\u0131n\u0131z\u0131 g\u00fc\u00e7l\u00fc veya do\u011frudan g\u00fcne\u015f \u0131\u015f\u0131\u011f\u0131na, \u0131s\u0131 \u00e7\u0131k\u0131\u015flar\u0131na, a\u015f\u0131r\u0131 neme maruz b\u0131rakmay\u0131n veya s\u0131cak tava veya tabaklarla do\u011frudan temas ettirmeyin.<br \/>\nK\u00fc\u00e7\u00fck \u00e7izikler ve izler bir iz veya \u00e7izik giderici veya r\u00f6tu\u015f kalemi ile r\u00f6tu\u015flanabilir veya kapat\u0131labilir.<\/p>\n","protected":false},"excerpt":{"rendered":"<p>611SHC000005 C\u0130B\u0130NL\u0130KL\u0130 \u00c7EL\u0130K YATAK S\u0130YAH 160x200cm QS-043-M-BK Yumu\u015fak bir parlatma bezi ile s\u0131k s\u0131k toz almak, zamanla cilaya zarar verebilecek a\u015f\u0131nd\u0131r\u0131c\u0131 toz birikintilerini giderecektir. T\u00fcm s\u0131v\u0131lar hemen yumu\u015fak, hafif nemli bir bezle silinmeli ve hemen ard\u0131ndan kuru bir bez yard\u0131m\u0131yla kurutulmal\u0131d\u0131r. Bir leke ne kadar uzun s\u00fcre bekletilirse, temizlenmesi o kadar zor olacakt\u0131r. \u0130nat\u00e7\u0131 lekeler [&hellip;]<\/p>\n","protected":false},"featured_media":21564,"template":"","meta":[],"product_brand":[],"product_cat":[4400],"product_tag":[4911],"class_list":{"0":"post-21561","1":"product","2":"type-product","3":"status-publish","4":"has-post-thumbnail","6":"product_cat-611shc","7":"product_tag-611shc000005","9":"first","10":"instock","11":"taxable","12":"shipping-taxable","13":"product-type-simple"},"_links":{"self":[{"href":"https:\/\/kervanmagazacilik.com\/index.php\/wp-json\/wp\/v2\/product\/21561","targetHints":{"allow":["GET"]}}],"collection":[{"href":"https:\/\/kervanmagazacilik.com\/index.php\/wp-json\/wp\/v2\/product"}],"about":[{"href":"https:\/\/kervanmagazacilik.com\/index.php\/wp-json\/wp\/v2\/types\/product"}],"wp:featuredmedia":[{"embeddable":true,"href":"https:\/\/kervanmagazacilik.com\/index.php\/wp-json\/wp\/v2\/media\/21564"}],"wp:attachment":[{"href":"https:\/\/kervanmagazacilik.com\/index.php\/wp-json\/wp\/v2\/media?parent=21561"}],"wp:term":[{"taxonomy":"product_brand","embeddable":true,"href":"https:\/\/kervanmagazacilik.com\/index.php\/wp-json\/wp\/v2\/product_brand?post=21561"},{"taxonomy":"product_cat","embeddable":true,"href":"https:\/\/kervanmagazacilik.com\/index.php\/wp-json\/wp\/v2\/product_cat?post=21561"},{"taxonomy":"product_tag","embeddable":true,"href":"https:\/\/kervanmagazacilik.com\/index.php\/wp-json\/wp\/v2\/product_tag?post=21561"}],"curies":[{"name":"wp","href":"https:\/\/api.w.org\/{rel}","templated":true}]}}