{"id":21523,"date":"2024-12-24T12:23:03","date_gmt":"2024-12-24T09:23:03","guid":{"rendered":"https:\/\/kervanmagazacilik.com\/?post_type=product&#038;p=21523"},"modified":"2024-12-24T13:50:55","modified_gmt":"2024-12-24T10:50:55","slug":"759dee000047","status":"publish","type":"product","link":"https:\/\/kervanmagazacilik.com\/index.php\/urun\/759dee000047\/","title":{"rendered":"759DEE000047"},"content":{"rendered":"<p>759DEE000047<\/p>\n<p>AL-23014A MUMLUK KUCUK 10x10x15cm<\/p>\n<p>Kuru bez ile toz al\u0131nmal\u0131d\u0131r.<\/p>\n","protected":false},"excerpt":{"rendered":"<p>759DEE000047 AL-23014A MUMLUK KUCUK 10x10x15cm Kuru bez ile toz al\u0131nmal\u0131d\u0131r.<\/p>\n","protected":false},"featured_media":21544,"template":"","meta":[],"product_brand":[],"product_cat":[215],"product_tag":[4903],"class_list":{"0":"post-21523","1":"product","2":"type-product","3":"status-publish","4":"has-post-thumbnail","6":"product_cat-759dee","7":"product_tag-759dee000047","9":"first","10":"instock","11":"taxable","12":"shipping-taxable","13":"product-type-simple"},"_links":{"self":[{"href":"https:\/\/kervanmagazacilik.com\/index.php\/wp-json\/wp\/v2\/product\/21523","targetHints":{"allow":["GET"]}}],"collection":[{"href":"https:\/\/kervanmagazacilik.com\/index.php\/wp-json\/wp\/v2\/product"}],"about":[{"href":"https:\/\/kervanmagazacilik.com\/index.php\/wp-json\/wp\/v2\/types\/product"}],"wp:featuredmedia":[{"embeddable":true,"href":"https:\/\/kervanmagazacilik.com\/index.php\/wp-json\/wp\/v2\/media\/21544"}],"wp:attachment":[{"href":"https:\/\/kervanmagazacilik.com\/index.php\/wp-json\/wp\/v2\/media?parent=21523"}],"wp:term":[{"taxonomy":"product_brand","embeddable":true,"href":"https:\/\/kervanmagazacilik.com\/index.php\/wp-json\/wp\/v2\/product_brand?post=21523"},{"taxonomy":"product_cat","embeddable":true,"href":"https:\/\/kervanmagazacilik.com\/index.php\/wp-json\/wp\/v2\/product_cat?post=21523"},{"taxonomy":"product_tag","embeddable":true,"href":"https:\/\/kervanmagazacilik.com\/index.php\/wp-json\/wp\/v2\/product_tag?post=21523"}],"curies":[{"name":"wp","href":"https:\/\/api.w.org\/{rel}","templated":true}]}}