{"id":21511,"date":"2024-12-24T11:56:11","date_gmt":"2024-12-24T08:56:11","guid":{"rendered":"https:\/\/kervanmagazacilik.com\/?post_type=product&#038;p=21511"},"modified":"2024-12-24T11:56:11","modified_gmt":"2024-12-24T08:56:11","slug":"759dee000050","status":"publish","type":"product","link":"https:\/\/kervanmagazacilik.com\/index.php\/urun\/759dee000050\/","title":{"rendered":"759DEE000050"},"content":{"rendered":"<p>759DEE000050<\/p>\n<p>GD-23245B DEKORATIF KASE 27x27x10cm<\/p>\n<p>Kuru bez ile toz al\u0131nmal\u0131d\u0131r.<\/p>\n","protected":false},"excerpt":{"rendered":"<p>759DEE000050 GD-23245B DEKORATIF KASE 27x27x10cm Kuru bez ile toz al\u0131nmal\u0131d\u0131r.<\/p>\n","protected":false},"featured_media":21517,"template":"","meta":[],"product_brand":[],"product_cat":[215],"product_tag":[4900],"class_list":{"0":"post-21511","1":"product","2":"type-product","3":"status-publish","4":"has-post-thumbnail","6":"product_cat-759dee","7":"product_tag-759dee000050","9":"first","10":"instock","11":"taxable","12":"shipping-taxable","13":"product-type-simple"},"_links":{"self":[{"href":"https:\/\/kervanmagazacilik.com\/index.php\/wp-json\/wp\/v2\/product\/21511","targetHints":{"allow":["GET"]}}],"collection":[{"href":"https:\/\/kervanmagazacilik.com\/index.php\/wp-json\/wp\/v2\/product"}],"about":[{"href":"https:\/\/kervanmagazacilik.com\/index.php\/wp-json\/wp\/v2\/types\/product"}],"wp:featuredmedia":[{"embeddable":true,"href":"https:\/\/kervanmagazacilik.com\/index.php\/wp-json\/wp\/v2\/media\/21517"}],"wp:attachment":[{"href":"https:\/\/kervanmagazacilik.com\/index.php\/wp-json\/wp\/v2\/media?parent=21511"}],"wp:term":[{"taxonomy":"product_brand","embeddable":true,"href":"https:\/\/kervanmagazacilik.com\/index.php\/wp-json\/wp\/v2\/product_brand?post=21511"},{"taxonomy":"product_cat","embeddable":true,"href":"https:\/\/kervanmagazacilik.com\/index.php\/wp-json\/wp\/v2\/product_cat?post=21511"},{"taxonomy":"product_tag","embeddable":true,"href":"https:\/\/kervanmagazacilik.com\/index.php\/wp-json\/wp\/v2\/product_tag?post=21511"}],"curies":[{"name":"wp","href":"https:\/\/api.w.org\/{rel}","templated":true}]}}