{"id":21505,"date":"2024-12-24T10:46:39","date_gmt":"2024-12-24T07:46:39","guid":{"rendered":"https:\/\/kervanmagazacilik.com\/?post_type=product&#038;p=21505"},"modified":"2024-12-24T11:52:18","modified_gmt":"2024-12-24T08:52:18","slug":"759dee000052","status":"publish","type":"product","link":"https:\/\/kervanmagazacilik.com\/index.php\/urun\/759dee000052\/","title":{"rendered":"759DEE000052"},"content":{"rendered":"<p>759DEE000052<\/p>\n<p>GD-23248B DEKORATIF KASE 45x26cm<\/p>\n<p>Kuru bez ile toz al\u0131nmal\u0131d\u0131r.<\/p>\n","protected":false},"excerpt":{"rendered":"<p>759DEE000052 GD-23248B DEKORATIF KASE 45x26cm Kuru bez ile toz al\u0131nmal\u0131d\u0131r.<\/p>\n","protected":false},"featured_media":21514,"template":"","meta":[],"product_brand":[],"product_cat":[215],"product_tag":[4898],"class_list":{"0":"post-21505","1":"product","2":"type-product","3":"status-publish","4":"has-post-thumbnail","6":"product_cat-759dee","7":"product_tag-759dee000052","9":"first","10":"instock","11":"taxable","12":"shipping-taxable","13":"product-type-simple"},"_links":{"self":[{"href":"https:\/\/kervanmagazacilik.com\/index.php\/wp-json\/wp\/v2\/product\/21505","targetHints":{"allow":["GET"]}}],"collection":[{"href":"https:\/\/kervanmagazacilik.com\/index.php\/wp-json\/wp\/v2\/product"}],"about":[{"href":"https:\/\/kervanmagazacilik.com\/index.php\/wp-json\/wp\/v2\/types\/product"}],"wp:featuredmedia":[{"embeddable":true,"href":"https:\/\/kervanmagazacilik.com\/index.php\/wp-json\/wp\/v2\/media\/21514"}],"wp:attachment":[{"href":"https:\/\/kervanmagazacilik.com\/index.php\/wp-json\/wp\/v2\/media?parent=21505"}],"wp:term":[{"taxonomy":"product_brand","embeddable":true,"href":"https:\/\/kervanmagazacilik.com\/index.php\/wp-json\/wp\/v2\/product_brand?post=21505"},{"taxonomy":"product_cat","embeddable":true,"href":"https:\/\/kervanmagazacilik.com\/index.php\/wp-json\/wp\/v2\/product_cat?post=21505"},{"taxonomy":"product_tag","embeddable":true,"href":"https:\/\/kervanmagazacilik.com\/index.php\/wp-json\/wp\/v2\/product_tag?post=21505"}],"curies":[{"name":"wp","href":"https:\/\/api.w.org\/{rel}","templated":true}]}}