{"id":21398,"date":"2024-12-22T17:28:49","date_gmt":"2024-12-22T14:28:49","guid":{"rendered":"https:\/\/kervanmagazacilik.com\/?post_type=product&#038;p=21398"},"modified":"2024-12-22T17:28:49","modified_gmt":"2024-12-22T14:28:49","slug":"759hua000005","status":"publish","type":"product","link":"https:\/\/kervanmagazacilik.com\/index.php\/urun\/759hua000005\/","title":{"rendered":"759HUA000005"},"content":{"rendered":"<p>759HUA000005<\/p>\n<p>F-801 BANYO SET 3&#8217;L\u00dc (SIVI SABUNLUK-D\u0130\u015e FIR\u00c7ALIK-PAMUKLUK)<\/p>\n<p>&nbsp;<\/p>\n","protected":false},"excerpt":{"rendered":"<p>759HUA000005 F-801 BANYO SET 3&#8217;L\u00dc (SIVI SABUNLUK-D\u0130\u015e FIR\u00c7ALIK-PAMUKLUK) &nbsp;<\/p>\n","protected":false},"featured_media":21399,"template":"","meta":[],"product_brand":[],"product_cat":[227],"product_tag":[4869],"class_list":{"0":"post-21398","1":"product","2":"type-product","3":"status-publish","4":"has-post-thumbnail","6":"product_cat-759hua","7":"product_tag-759hua000005","9":"first","10":"instock","11":"taxable","12":"shipping-taxable","13":"product-type-simple"},"_links":{"self":[{"href":"https:\/\/kervanmagazacilik.com\/index.php\/wp-json\/wp\/v2\/product\/21398","targetHints":{"allow":["GET"]}}],"collection":[{"href":"https:\/\/kervanmagazacilik.com\/index.php\/wp-json\/wp\/v2\/product"}],"about":[{"href":"https:\/\/kervanmagazacilik.com\/index.php\/wp-json\/wp\/v2\/types\/product"}],"wp:featuredmedia":[{"embeddable":true,"href":"https:\/\/kervanmagazacilik.com\/index.php\/wp-json\/wp\/v2\/media\/21399"}],"wp:attachment":[{"href":"https:\/\/kervanmagazacilik.com\/index.php\/wp-json\/wp\/v2\/media?parent=21398"}],"wp:term":[{"taxonomy":"product_brand","embeddable":true,"href":"https:\/\/kervanmagazacilik.com\/index.php\/wp-json\/wp\/v2\/product_brand?post=21398"},{"taxonomy":"product_cat","embeddable":true,"href":"https:\/\/kervanmagazacilik.com\/index.php\/wp-json\/wp\/v2\/product_cat?post=21398"},{"taxonomy":"product_tag","embeddable":true,"href":"https:\/\/kervanmagazacilik.com\/index.php\/wp-json\/wp\/v2\/product_tag?post=21398"}],"curies":[{"name":"wp","href":"https:\/\/api.w.org\/{rel}","templated":true}]}}