{"id":21376,"date":"2024-12-22T17:15:05","date_gmt":"2024-12-22T14:15:05","guid":{"rendered":"https:\/\/kervanmagazacilik.com\/?post_type=product&#038;p=21376"},"modified":"2024-12-22T17:15:05","modified_gmt":"2024-12-22T14:15:05","slug":"759hk0000008","status":"publish","type":"product","link":"https:\/\/kervanmagazacilik.com\/index.php\/urun\/759hk0000008\/","title":{"rendered":"759HK0000008"},"content":{"rendered":"<p>759HK0000008<\/p>\n<p>BUYUK FIL SEHPA 50x80x65cm<\/p>\n<p>\u00dczerindeki cm \u00f6l\u00e7\u00fcs\u00fc: 46x73cm<br \/>\nD\u0131\u015f mekanda kullan\u0131labilir ancak ya\u011fmur ve g\u00fcne\u015fe direk maruz b\u0131rak\u0131lmamal\u0131d\u0131r.<\/p>\n","protected":false},"excerpt":{"rendered":"<p>759HK0000008 BUYUK FIL SEHPA 50x80x65cm \u00dczerindeki cm \u00f6l\u00e7\u00fcs\u00fc: 46x73cm D\u0131\u015f mekanda kullan\u0131labilir ancak ya\u011fmur ve g\u00fcne\u015fe direk maruz b\u0131rak\u0131lmamal\u0131d\u0131r.<\/p>\n","protected":false},"featured_media":21377,"template":"","meta":[],"product_brand":[],"product_cat":[4825],"product_tag":[4865],"class_list":{"0":"post-21376","1":"product","2":"type-product","3":"status-publish","4":"has-post-thumbnail","6":"product_cat-759hk","7":"product_tag-759hk0000008","9":"first","10":"instock","11":"taxable","12":"shipping-taxable","13":"product-type-simple"},"_links":{"self":[{"href":"https:\/\/kervanmagazacilik.com\/index.php\/wp-json\/wp\/v2\/product\/21376","targetHints":{"allow":["GET"]}}],"collection":[{"href":"https:\/\/kervanmagazacilik.com\/index.php\/wp-json\/wp\/v2\/product"}],"about":[{"href":"https:\/\/kervanmagazacilik.com\/index.php\/wp-json\/wp\/v2\/types\/product"}],"wp:featuredmedia":[{"embeddable":true,"href":"https:\/\/kervanmagazacilik.com\/index.php\/wp-json\/wp\/v2\/media\/21377"}],"wp:attachment":[{"href":"https:\/\/kervanmagazacilik.com\/index.php\/wp-json\/wp\/v2\/media?parent=21376"}],"wp:term":[{"taxonomy":"product_brand","embeddable":true,"href":"https:\/\/kervanmagazacilik.com\/index.php\/wp-json\/wp\/v2\/product_brand?post=21376"},{"taxonomy":"product_cat","embeddable":true,"href":"https:\/\/kervanmagazacilik.com\/index.php\/wp-json\/wp\/v2\/product_cat?post=21376"},{"taxonomy":"product_tag","embeddable":true,"href":"https:\/\/kervanmagazacilik.com\/index.php\/wp-json\/wp\/v2\/product_tag?post=21376"}],"curies":[{"name":"wp","href":"https:\/\/api.w.org\/{rel}","templated":true}]}}