{"id":21370,"date":"2024-12-22T17:09:48","date_gmt":"2024-12-22T14:09:48","guid":{"rendered":"https:\/\/kervanmagazacilik.com\/?post_type=product&#038;p=21370"},"modified":"2024-12-22T17:09:49","modified_gmt":"2024-12-22T14:09:49","slug":"759hk0000003","status":"publish","type":"product","link":"https:\/\/kervanmagazacilik.com\/index.php\/urun\/759hk0000003\/","title":{"rendered":"759HK0000003"},"content":{"rendered":"<p>759HK0000003<\/p>\n<p>YATAN ASLAN HEYKELI SAG 28x65x40cm<\/p>\n<p>D\u0131\u015f mekanda kullan\u0131labilir ancak ya\u011fmur ve g\u00fcne\u015fe direk maruz b\u0131rak\u0131lmamal\u0131d\u0131r.<\/p>\n","protected":false},"excerpt":{"rendered":"<p>759HK0000003 YATAN ASLAN HEYKELI SAG 28x65x40cm D\u0131\u015f mekanda kullan\u0131labilir ancak ya\u011fmur ve g\u00fcne\u015fe direk maruz b\u0131rak\u0131lmamal\u0131d\u0131r.<\/p>\n","protected":false},"featured_media":21371,"template":"","meta":[],"product_brand":[],"product_cat":[4825],"product_tag":[4863],"class_list":{"0":"post-21370","1":"product","2":"type-product","3":"status-publish","4":"has-post-thumbnail","6":"product_cat-759hk","7":"product_tag-759hk0000003","9":"first","10":"instock","11":"taxable","12":"shipping-taxable","13":"product-type-simple"},"_links":{"self":[{"href":"https:\/\/kervanmagazacilik.com\/index.php\/wp-json\/wp\/v2\/product\/21370","targetHints":{"allow":["GET"]}}],"collection":[{"href":"https:\/\/kervanmagazacilik.com\/index.php\/wp-json\/wp\/v2\/product"}],"about":[{"href":"https:\/\/kervanmagazacilik.com\/index.php\/wp-json\/wp\/v2\/types\/product"}],"wp:featuredmedia":[{"embeddable":true,"href":"https:\/\/kervanmagazacilik.com\/index.php\/wp-json\/wp\/v2\/media\/21371"}],"wp:attachment":[{"href":"https:\/\/kervanmagazacilik.com\/index.php\/wp-json\/wp\/v2\/media?parent=21370"}],"wp:term":[{"taxonomy":"product_brand","embeddable":true,"href":"https:\/\/kervanmagazacilik.com\/index.php\/wp-json\/wp\/v2\/product_brand?post=21370"},{"taxonomy":"product_cat","embeddable":true,"href":"https:\/\/kervanmagazacilik.com\/index.php\/wp-json\/wp\/v2\/product_cat?post=21370"},{"taxonomy":"product_tag","embeddable":true,"href":"https:\/\/kervanmagazacilik.com\/index.php\/wp-json\/wp\/v2\/product_tag?post=21370"}],"curies":[{"name":"wp","href":"https:\/\/api.w.org\/{rel}","templated":true}]}}