{"id":21340,"date":"2024-12-22T16:44:04","date_gmt":"2024-12-22T13:44:04","guid":{"rendered":"https:\/\/kervanmagazacilik.com\/?post_type=product&#038;p=21340"},"modified":"2024-12-22T16:44:04","modified_gmt":"2024-12-22T13:44:04","slug":"759hen000017","status":"publish","type":"product","link":"https:\/\/kervanmagazacilik.com\/index.php\/urun\/759hen000017\/","title":{"rendered":"759HEN000017"},"content":{"rendered":"<p>759HEN000017<\/p>\n<p>HF8-6171 DEKORATIF C\u00dcCE 19x20x43cm<\/p>\n<p>D\u0131\u015f mekanda kullan\u0131ma uygundur.<\/p>\n","protected":false},"excerpt":{"rendered":"<p>759HEN000017 HF8-6171 DEKORATIF C\u00dcCE 19x20x43cm D\u0131\u015f mekanda kullan\u0131ma uygundur.<\/p>\n","protected":false},"featured_media":21341,"template":"","meta":[],"product_brand":[],"product_cat":[226],"product_tag":[4855],"class_list":{"0":"post-21340","1":"product","2":"type-product","3":"status-publish","4":"has-post-thumbnail","6":"product_cat-759hen","7":"product_tag-759hen000017","9":"first","10":"instock","11":"taxable","12":"shipping-taxable","13":"product-type-simple"},"_links":{"self":[{"href":"https:\/\/kervanmagazacilik.com\/index.php\/wp-json\/wp\/v2\/product\/21340","targetHints":{"allow":["GET"]}}],"collection":[{"href":"https:\/\/kervanmagazacilik.com\/index.php\/wp-json\/wp\/v2\/product"}],"about":[{"href":"https:\/\/kervanmagazacilik.com\/index.php\/wp-json\/wp\/v2\/types\/product"}],"wp:featuredmedia":[{"embeddable":true,"href":"https:\/\/kervanmagazacilik.com\/index.php\/wp-json\/wp\/v2\/media\/21341"}],"wp:attachment":[{"href":"https:\/\/kervanmagazacilik.com\/index.php\/wp-json\/wp\/v2\/media?parent=21340"}],"wp:term":[{"taxonomy":"product_brand","embeddable":true,"href":"https:\/\/kervanmagazacilik.com\/index.php\/wp-json\/wp\/v2\/product_brand?post=21340"},{"taxonomy":"product_cat","embeddable":true,"href":"https:\/\/kervanmagazacilik.com\/index.php\/wp-json\/wp\/v2\/product_cat?post=21340"},{"taxonomy":"product_tag","embeddable":true,"href":"https:\/\/kervanmagazacilik.com\/index.php\/wp-json\/wp\/v2\/product_tag?post=21340"}],"curies":[{"name":"wp","href":"https:\/\/api.w.org\/{rel}","templated":true}]}}