{"id":21336,"date":"2024-12-22T16:41:36","date_gmt":"2024-12-22T13:41:36","guid":{"rendered":"https:\/\/kervanmagazacilik.com\/?post_type=product&#038;p=21336"},"modified":"2024-12-22T16:41:36","modified_gmt":"2024-12-22T13:41:36","slug":"759hen000016","status":"publish","type":"product","link":"https:\/\/kervanmagazacilik.com\/index.php\/urun\/759hen000016\/","title":{"rendered":"759HEN000016"},"content":{"rendered":"<p>759HEN000016<\/p>\n<p>HF8-6170 DEKORATIF C\u00dcCE 20x19x44cm<\/p>\n<p>D\u0131\u015f mekanda kullan\u0131ma uygundur.<\/p>\n","protected":false},"excerpt":{"rendered":"<p>759HEN000016 HF8-6170 DEKORATIF C\u00dcCE 20x19x44cm D\u0131\u015f mekanda kullan\u0131ma uygundur.<\/p>\n","protected":false},"featured_media":21337,"template":"","meta":[],"product_brand":[],"product_cat":[226],"product_tag":[4854],"class_list":{"0":"post-21336","1":"product","2":"type-product","3":"status-publish","4":"has-post-thumbnail","6":"product_cat-759hen","7":"product_tag-759hen000016","9":"first","10":"instock","11":"taxable","12":"shipping-taxable","13":"product-type-simple"},"_links":{"self":[{"href":"https:\/\/kervanmagazacilik.com\/index.php\/wp-json\/wp\/v2\/product\/21336","targetHints":{"allow":["GET"]}}],"collection":[{"href":"https:\/\/kervanmagazacilik.com\/index.php\/wp-json\/wp\/v2\/product"}],"about":[{"href":"https:\/\/kervanmagazacilik.com\/index.php\/wp-json\/wp\/v2\/types\/product"}],"wp:featuredmedia":[{"embeddable":true,"href":"https:\/\/kervanmagazacilik.com\/index.php\/wp-json\/wp\/v2\/media\/21337"}],"wp:attachment":[{"href":"https:\/\/kervanmagazacilik.com\/index.php\/wp-json\/wp\/v2\/media?parent=21336"}],"wp:term":[{"taxonomy":"product_brand","embeddable":true,"href":"https:\/\/kervanmagazacilik.com\/index.php\/wp-json\/wp\/v2\/product_brand?post=21336"},{"taxonomy":"product_cat","embeddable":true,"href":"https:\/\/kervanmagazacilik.com\/index.php\/wp-json\/wp\/v2\/product_cat?post=21336"},{"taxonomy":"product_tag","embeddable":true,"href":"https:\/\/kervanmagazacilik.com\/index.php\/wp-json\/wp\/v2\/product_tag?post=21336"}],"curies":[{"name":"wp","href":"https:\/\/api.w.org\/{rel}","templated":true}]}}