{"id":21290,"date":"2024-12-22T10:24:54","date_gmt":"2024-12-22T07:24:54","guid":{"rendered":"https:\/\/kervanmagazacilik.com\/?post_type=product&#038;p=21290"},"modified":"2024-12-22T10:24:54","modified_gmt":"2024-12-22T07:24:54","slug":"759hen000006","status":"publish","type":"product","link":"https:\/\/kervanmagazacilik.com\/index.php\/urun\/759hen000006\/","title":{"rendered":"759HEN000006"},"content":{"rendered":"<p>759HEN000006<\/p>\n<p>HF1-4227 DEKORATIF BUDA 29x21x41cm<\/p>\n<p>D\u0131\u015f mekanda kullan\u0131ma uygundur.<\/p>\n","protected":false},"excerpt":{"rendered":"<p>759HEN000006 HF1-4227 DEKORATIF BUDA 29x21x41cm D\u0131\u015f mekanda kullan\u0131ma uygundur.<\/p>\n","protected":false},"featured_media":21291,"template":"","meta":[],"product_brand":[],"product_cat":[226],"product_tag":[4844],"class_list":{"0":"post-21290","1":"product","2":"type-product","3":"status-publish","4":"has-post-thumbnail","6":"product_cat-759hen","7":"product_tag-759hen000006","9":"first","10":"instock","11":"taxable","12":"shipping-taxable","13":"product-type-simple"},"_links":{"self":[{"href":"https:\/\/kervanmagazacilik.com\/index.php\/wp-json\/wp\/v2\/product\/21290","targetHints":{"allow":["GET"]}}],"collection":[{"href":"https:\/\/kervanmagazacilik.com\/index.php\/wp-json\/wp\/v2\/product"}],"about":[{"href":"https:\/\/kervanmagazacilik.com\/index.php\/wp-json\/wp\/v2\/types\/product"}],"wp:featuredmedia":[{"embeddable":true,"href":"https:\/\/kervanmagazacilik.com\/index.php\/wp-json\/wp\/v2\/media\/21291"}],"wp:attachment":[{"href":"https:\/\/kervanmagazacilik.com\/index.php\/wp-json\/wp\/v2\/media?parent=21290"}],"wp:term":[{"taxonomy":"product_brand","embeddable":true,"href":"https:\/\/kervanmagazacilik.com\/index.php\/wp-json\/wp\/v2\/product_brand?post=21290"},{"taxonomy":"product_cat","embeddable":true,"href":"https:\/\/kervanmagazacilik.com\/index.php\/wp-json\/wp\/v2\/product_cat?post=21290"},{"taxonomy":"product_tag","embeddable":true,"href":"https:\/\/kervanmagazacilik.com\/index.php\/wp-json\/wp\/v2\/product_tag?post=21290"}],"curies":[{"name":"wp","href":"https:\/\/api.w.org\/{rel}","templated":true}]}}