{"id":21241,"date":"2024-12-21T20:52:54","date_gmt":"2024-12-21T17:52:54","guid":{"rendered":"https:\/\/kervanmagazacilik.com\/?post_type=product&#038;p=21241"},"modified":"2024-12-21T20:52:54","modified_gmt":"2024-12-21T17:52:54","slug":"759fuk000026","status":"publish","type":"product","link":"https:\/\/kervanmagazacilik.com\/index.php\/urun\/759fuk000026\/","title":{"rendered":"759FUK000026"},"content":{"rendered":"<p>759FUK000026<\/p>\n<p>V\u0130CA B\u00dcY\u00dcK VAZO TURUNCU 18x36cm<\/p>\n<p>Kuru bez ile toz al\u0131nmal\u0131d\u0131r<\/p>\n","protected":false},"excerpt":{"rendered":"<p>759FUK000026 V\u0130CA B\u00dcY\u00dcK VAZO TURUNCU 18x36cm Kuru bez ile toz al\u0131nmal\u0131d\u0131r<\/p>\n","protected":false},"featured_media":21242,"template":"","meta":[],"product_brand":[],"product_cat":[223],"product_tag":[4831],"class_list":{"0":"post-21241","1":"product","2":"type-product","3":"status-publish","4":"has-post-thumbnail","6":"product_cat-759fuk","7":"product_tag-759fuk000026","9":"first","10":"instock","11":"taxable","12":"shipping-taxable","13":"product-type-simple"},"_links":{"self":[{"href":"https:\/\/kervanmagazacilik.com\/index.php\/wp-json\/wp\/v2\/product\/21241","targetHints":{"allow":["GET"]}}],"collection":[{"href":"https:\/\/kervanmagazacilik.com\/index.php\/wp-json\/wp\/v2\/product"}],"about":[{"href":"https:\/\/kervanmagazacilik.com\/index.php\/wp-json\/wp\/v2\/types\/product"}],"wp:featuredmedia":[{"embeddable":true,"href":"https:\/\/kervanmagazacilik.com\/index.php\/wp-json\/wp\/v2\/media\/21242"}],"wp:attachment":[{"href":"https:\/\/kervanmagazacilik.com\/index.php\/wp-json\/wp\/v2\/media?parent=21241"}],"wp:term":[{"taxonomy":"product_brand","embeddable":true,"href":"https:\/\/kervanmagazacilik.com\/index.php\/wp-json\/wp\/v2\/product_brand?post=21241"},{"taxonomy":"product_cat","embeddable":true,"href":"https:\/\/kervanmagazacilik.com\/index.php\/wp-json\/wp\/v2\/product_cat?post=21241"},{"taxonomy":"product_tag","embeddable":true,"href":"https:\/\/kervanmagazacilik.com\/index.php\/wp-json\/wp\/v2\/product_tag?post=21241"}],"curies":[{"name":"wp","href":"https:\/\/api.w.org\/{rel}","templated":true}]}}