{"id":21225,"date":"2024-12-21T20:25:43","date_gmt":"2024-12-21T17:25:43","guid":{"rendered":"https:\/\/kervanmagazacilik.com\/?post_type=product&#038;p=21225"},"modified":"2024-12-21T20:28:23","modified_gmt":"2024-12-21T17:28:23","slug":"759hen000001","status":"publish","type":"product","link":"https:\/\/kervanmagazacilik.com\/index.php\/urun\/759hen000001\/","title":{"rendered":"759HEN000001"},"content":{"rendered":"<p>759HEN000001<\/p>\n<p>HF1-4208 DEKORATIF BUDA 36x22x55cm<\/p>\n<p>D\u0131\u015f mekanda kullan\u0131ma uygundur.<\/p>\n<p>&nbsp;<\/p>\n","protected":false},"excerpt":{"rendered":"<p>759HEN000001 HF1-4208 DEKORATIF BUDA 36x22x55cm D\u0131\u015f mekanda kullan\u0131ma uygundur. &nbsp;<\/p>\n","protected":false},"featured_media":21226,"template":"","meta":[],"product_brand":[],"product_cat":[226],"product_tag":[4827],"class_list":{"0":"post-21225","1":"product","2":"type-product","3":"status-publish","4":"has-post-thumbnail","6":"product_cat-759hen","7":"product_tag-759hen000001","9":"first","10":"instock","11":"taxable","12":"shipping-taxable","13":"product-type-simple"},"_links":{"self":[{"href":"https:\/\/kervanmagazacilik.com\/index.php\/wp-json\/wp\/v2\/product\/21225","targetHints":{"allow":["GET"]}}],"collection":[{"href":"https:\/\/kervanmagazacilik.com\/index.php\/wp-json\/wp\/v2\/product"}],"about":[{"href":"https:\/\/kervanmagazacilik.com\/index.php\/wp-json\/wp\/v2\/types\/product"}],"wp:featuredmedia":[{"embeddable":true,"href":"https:\/\/kervanmagazacilik.com\/index.php\/wp-json\/wp\/v2\/media\/21226"}],"wp:attachment":[{"href":"https:\/\/kervanmagazacilik.com\/index.php\/wp-json\/wp\/v2\/media?parent=21225"}],"wp:term":[{"taxonomy":"product_brand","embeddable":true,"href":"https:\/\/kervanmagazacilik.com\/index.php\/wp-json\/wp\/v2\/product_brand?post=21225"},{"taxonomy":"product_cat","embeddable":true,"href":"https:\/\/kervanmagazacilik.com\/index.php\/wp-json\/wp\/v2\/product_cat?post=21225"},{"taxonomy":"product_tag","embeddable":true,"href":"https:\/\/kervanmagazacilik.com\/index.php\/wp-json\/wp\/v2\/product_tag?post=21225"}],"curies":[{"name":"wp","href":"https:\/\/api.w.org\/{rel}","templated":true}]}}