{"id":21143,"date":"2024-12-21T17:14:42","date_gmt":"2024-12-21T14:14:42","guid":{"rendered":"https:\/\/kervanmagazacilik.com\/?post_type=product&#038;p=21143"},"modified":"2024-12-21T17:14:42","modified_gmt":"2024-12-21T14:14:42","slug":"759ice000002","status":"publish","type":"product","link":"https:\/\/kervanmagazacilik.com\/index.php\/urun\/759ice000002\/","title":{"rendered":"759ICE000002"},"content":{"rendered":"<p>759ICE000002<\/p>\n<p>102027 DEKORATIF KASE 36x23x12cm<\/p>\n<p>Kuru bez ile toz al\u0131nmal\u0131d\u0131r.<\/p>\n","protected":false},"excerpt":{"rendered":"<p>759ICE000002 102027 DEKORATIF KASE 36x23x12cm Kuru bez ile toz al\u0131nmal\u0131d\u0131r.<\/p>\n","protected":false},"featured_media":21144,"template":"","meta":[],"product_brand":[],"product_cat":[229],"product_tag":[4809],"class_list":{"0":"post-21143","1":"product","2":"type-product","3":"status-publish","4":"has-post-thumbnail","6":"product_cat-759ice","7":"product_tag-759ice000002","9":"first","10":"instock","11":"taxable","12":"shipping-taxable","13":"product-type-simple"},"_links":{"self":[{"href":"https:\/\/kervanmagazacilik.com\/index.php\/wp-json\/wp\/v2\/product\/21143","targetHints":{"allow":["GET"]}}],"collection":[{"href":"https:\/\/kervanmagazacilik.com\/index.php\/wp-json\/wp\/v2\/product"}],"about":[{"href":"https:\/\/kervanmagazacilik.com\/index.php\/wp-json\/wp\/v2\/types\/product"}],"wp:featuredmedia":[{"embeddable":true,"href":"https:\/\/kervanmagazacilik.com\/index.php\/wp-json\/wp\/v2\/media\/21144"}],"wp:attachment":[{"href":"https:\/\/kervanmagazacilik.com\/index.php\/wp-json\/wp\/v2\/media?parent=21143"}],"wp:term":[{"taxonomy":"product_brand","embeddable":true,"href":"https:\/\/kervanmagazacilik.com\/index.php\/wp-json\/wp\/v2\/product_brand?post=21143"},{"taxonomy":"product_cat","embeddable":true,"href":"https:\/\/kervanmagazacilik.com\/index.php\/wp-json\/wp\/v2\/product_cat?post=21143"},{"taxonomy":"product_tag","embeddable":true,"href":"https:\/\/kervanmagazacilik.com\/index.php\/wp-json\/wp\/v2\/product_tag?post=21143"}],"curies":[{"name":"wp","href":"https:\/\/api.w.org\/{rel}","templated":true}]}}