{"id":20902,"date":"2024-12-20T18:58:31","date_gmt":"2024-12-20T15:58:31","guid":{"rendered":"https:\/\/kervanmagazacilik.com\/?post_type=product&#038;p=20902"},"modified":"2024-12-20T18:58:32","modified_gmt":"2024-12-20T15:58:32","slug":"759ari000018","status":"publish","type":"product","link":"https:\/\/kervanmagazacilik.com\/index.php\/urun\/759ari000018\/","title":{"rendered":"759ARI000018"},"content":{"rendered":"<p>759ARI000018<\/p>\n<p>QEP503 SERVIS MA\u015eASI<\/p>\n<p>\u00dcr\u00fcnler bula\u015f\u0131k makinesinde y\u0131kamaya uygun de\u011fildir. Elde yumu\u015fak bir s\u00fcnger ile so\u011fuk suda y\u0131kanmal\u0131d\u0131r<\/p>\n","protected":false},"excerpt":{"rendered":"<p>759ARI000018 QEP503 SERVIS MA\u015eASI \u00dcr\u00fcnler bula\u015f\u0131k makinesinde y\u0131kamaya uygun de\u011fildir. Elde yumu\u015fak bir s\u00fcnger ile so\u011fuk suda y\u0131kanmal\u0131d\u0131r<\/p>\n","protected":false},"featured_media":20903,"template":"","meta":[],"product_brand":[],"product_cat":[205],"product_tag":[4763],"class_list":{"0":"post-20902","1":"product","2":"type-product","3":"status-publish","4":"has-post-thumbnail","6":"product_cat-759ari","7":"product_tag-759ari000018","9":"first","10":"instock","11":"taxable","12":"shipping-taxable","13":"product-type-simple"},"_links":{"self":[{"href":"https:\/\/kervanmagazacilik.com\/index.php\/wp-json\/wp\/v2\/product\/20902","targetHints":{"allow":["GET"]}}],"collection":[{"href":"https:\/\/kervanmagazacilik.com\/index.php\/wp-json\/wp\/v2\/product"}],"about":[{"href":"https:\/\/kervanmagazacilik.com\/index.php\/wp-json\/wp\/v2\/types\/product"}],"wp:featuredmedia":[{"embeddable":true,"href":"https:\/\/kervanmagazacilik.com\/index.php\/wp-json\/wp\/v2\/media\/20903"}],"wp:attachment":[{"href":"https:\/\/kervanmagazacilik.com\/index.php\/wp-json\/wp\/v2\/media?parent=20902"}],"wp:term":[{"taxonomy":"product_brand","embeddable":true,"href":"https:\/\/kervanmagazacilik.com\/index.php\/wp-json\/wp\/v2\/product_brand?post=20902"},{"taxonomy":"product_cat","embeddable":true,"href":"https:\/\/kervanmagazacilik.com\/index.php\/wp-json\/wp\/v2\/product_cat?post=20902"},{"taxonomy":"product_tag","embeddable":true,"href":"https:\/\/kervanmagazacilik.com\/index.php\/wp-json\/wp\/v2\/product_tag?post=20902"}],"curies":[{"name":"wp","href":"https:\/\/api.w.org\/{rel}","templated":true}]}}