{"id":20831,"date":"2024-12-20T17:27:58","date_gmt":"2024-12-20T14:27:58","guid":{"rendered":"https:\/\/kervanmagazacilik.com\/?post_type=product&#038;p=20831"},"modified":"2024-12-20T17:27:58","modified_gmt":"2024-12-20T14:27:58","slug":"759ari000005","status":"publish","type":"product","link":"https:\/\/kervanmagazacilik.com\/index.php\/urun\/759ari000005\/","title":{"rendered":"759ARI000005"},"content":{"rendered":"<p>759ARI000005<\/p>\n<p>QE7579E CAY KASIGI SETI 8 PRC (6 CAY KASIGI-1 LIMON CATALI-1 SEKER MA\u015eASI)<\/p>\n<p>\u00dcr\u00fcnler bula\u015f\u0131k makinesinde y\u0131kamaya uygun de\u011fildir. Elde yumu\u015fak bir s\u00fcnger ile so\u011fuk suda y\u0131kanmal\u0131d\u0131r.<\/p>\n","protected":false},"excerpt":{"rendered":"<p>759ARI000005 QE7579E CAY KASIGI SETI 8 PRC (6 CAY KASIGI-1 LIMON CATALI-1 SEKER MA\u015eASI) \u00dcr\u00fcnler bula\u015f\u0131k makinesinde y\u0131kamaya uygun de\u011fildir. Elde yumu\u015fak bir s\u00fcnger ile so\u011fuk suda y\u0131kanmal\u0131d\u0131r.<\/p>\n","protected":false},"featured_media":20832,"template":"","meta":[],"product_brand":[],"product_cat":[205],"product_tag":[4750],"class_list":{"0":"post-20831","1":"product","2":"type-product","3":"status-publish","4":"has-post-thumbnail","6":"product_cat-759ari","7":"product_tag-759ari000005","9":"first","10":"instock","11":"taxable","12":"shipping-taxable","13":"product-type-simple"},"_links":{"self":[{"href":"https:\/\/kervanmagazacilik.com\/index.php\/wp-json\/wp\/v2\/product\/20831","targetHints":{"allow":["GET"]}}],"collection":[{"href":"https:\/\/kervanmagazacilik.com\/index.php\/wp-json\/wp\/v2\/product"}],"about":[{"href":"https:\/\/kervanmagazacilik.com\/index.php\/wp-json\/wp\/v2\/types\/product"}],"wp:featuredmedia":[{"embeddable":true,"href":"https:\/\/kervanmagazacilik.com\/index.php\/wp-json\/wp\/v2\/media\/20832"}],"wp:attachment":[{"href":"https:\/\/kervanmagazacilik.com\/index.php\/wp-json\/wp\/v2\/media?parent=20831"}],"wp:term":[{"taxonomy":"product_brand","embeddable":true,"href":"https:\/\/kervanmagazacilik.com\/index.php\/wp-json\/wp\/v2\/product_brand?post=20831"},{"taxonomy":"product_cat","embeddable":true,"href":"https:\/\/kervanmagazacilik.com\/index.php\/wp-json\/wp\/v2\/product_cat?post=20831"},{"taxonomy":"product_tag","embeddable":true,"href":"https:\/\/kervanmagazacilik.com\/index.php\/wp-json\/wp\/v2\/product_tag?post=20831"}],"curies":[{"name":"wp","href":"https:\/\/api.w.org\/{rel}","templated":true}]}}