{"id":20693,"date":"2024-12-19T15:18:42","date_gmt":"2024-12-19T12:18:42","guid":{"rendered":"https:\/\/kervanmagazacilik.com\/?post_type=product&#038;p=20693"},"modified":"2024-12-19T15:18:48","modified_gmt":"2024-12-19T12:18:48","slug":"611srd000017","status":"publish","type":"product","link":"https:\/\/kervanmagazacilik.com\/index.php\/urun\/611srd000017\/","title":{"rendered":"611SRD000017"},"content":{"rendered":"<p>611SRD000017<\/p>\n<p>SERV\u0130S ARABASI 43x64x75cm 912 RB<\/p>\n<p>1. Do\u011frudan g\u00fcne\u015f \u0131\u015f\u0131\u011f\u0131na maruz b\u0131rak\u0131lmamal\u0131d\u0131r.<br \/>\n2. Kolayca suya maruz kalabilece\u011fi bir noktaya konumland\u0131r\u0131lmamal\u0131d\u0131r.<br \/>\n3. Elektrikli s\u00fcp\u00fcrge veya nemli bir bezle temizlenip, ard\u0131ndan kuru bir bezle yard\u0131m\u0131yla silinmelidir.<br \/>\n4.Outdoor kullan\u0131m i\u00e7in uygun de\u011fildir.<\/p>\n","protected":false},"excerpt":{"rendered":"<p>611SRD000017 SERV\u0130S ARABASI 43x64x75cm 912 RB 1. Do\u011frudan g\u00fcne\u015f \u0131\u015f\u0131\u011f\u0131na maruz b\u0131rak\u0131lmamal\u0131d\u0131r. 2. Kolayca suya maruz kalabilece\u011fi bir noktaya konumland\u0131r\u0131lmamal\u0131d\u0131r. 3. Elektrikli s\u00fcp\u00fcrge veya nemli bir bezle temizlenip, ard\u0131ndan kuru bir bezle yard\u0131m\u0131yla silinmelidir. 4.Outdoor kullan\u0131m i\u00e7in uygun de\u011fildir.<\/p>\n","protected":false},"featured_media":20696,"template":"","meta":[],"product_brand":[],"product_cat":[118],"product_tag":[4734],"class_list":{"0":"post-20693","1":"product","2":"type-product","3":"status-publish","4":"has-post-thumbnail","6":"product_cat-611srd","7":"product_tag-611srd000017","9":"first","10":"instock","11":"taxable","12":"shipping-taxable","13":"product-type-simple"},"_links":{"self":[{"href":"https:\/\/kervanmagazacilik.com\/index.php\/wp-json\/wp\/v2\/product\/20693","targetHints":{"allow":["GET"]}}],"collection":[{"href":"https:\/\/kervanmagazacilik.com\/index.php\/wp-json\/wp\/v2\/product"}],"about":[{"href":"https:\/\/kervanmagazacilik.com\/index.php\/wp-json\/wp\/v2\/types\/product"}],"wp:featuredmedia":[{"embeddable":true,"href":"https:\/\/kervanmagazacilik.com\/index.php\/wp-json\/wp\/v2\/media\/20696"}],"wp:attachment":[{"href":"https:\/\/kervanmagazacilik.com\/index.php\/wp-json\/wp\/v2\/media?parent=20693"}],"wp:term":[{"taxonomy":"product_brand","embeddable":true,"href":"https:\/\/kervanmagazacilik.com\/index.php\/wp-json\/wp\/v2\/product_brand?post=20693"},{"taxonomy":"product_cat","embeddable":true,"href":"https:\/\/kervanmagazacilik.com\/index.php\/wp-json\/wp\/v2\/product_cat?post=20693"},{"taxonomy":"product_tag","embeddable":true,"href":"https:\/\/kervanmagazacilik.com\/index.php\/wp-json\/wp\/v2\/product_tag?post=20693"}],"curies":[{"name":"wp","href":"https:\/\/api.w.org\/{rel}","templated":true}]}}