{"id":20689,"date":"2024-12-19T15:16:01","date_gmt":"2024-12-19T12:16:01","guid":{"rendered":"https:\/\/kervanmagazacilik.com\/?post_type=product&#038;p=20689"},"modified":"2024-12-19T15:16:01","modified_gmt":"2024-12-19T12:16:01","slug":"611srd000015","status":"publish","type":"product","link":"https:\/\/kervanmagazacilik.com\/index.php\/urun\/611srd000015\/","title":{"rendered":"611SRD000015"},"content":{"rendered":"<p>611SRD000015<\/p>\n<p>KOLLU SANDALYE 65x62x81cm 771 AC2<\/p>\n<p>1. Do\u011frudan g\u00fcne\u015f \u0131\u015f\u0131\u011f\u0131na maruz b\u0131rak\u0131lmamal\u0131d\u0131r.<br \/>\n2. Kolayca suya maruz kalabilece\u011fi bir noktaya konumland\u0131r\u0131lmamal\u0131d\u0131r.<br \/>\n3. Elektrikli s\u00fcp\u00fcrge veya nemli bir bezle temizlenip, ard\u0131ndan kuru bir bezle yard\u0131m\u0131yla silinmelidir.<br \/>\n4.Outdoor kullan\u0131m i\u00e7in uygun de\u011fildir.<\/p>\n","protected":false},"excerpt":{"rendered":"<p>611SRD000015 KOLLU SANDALYE 65x62x81cm 771 AC2 1. Do\u011frudan g\u00fcne\u015f \u0131\u015f\u0131\u011f\u0131na maruz b\u0131rak\u0131lmamal\u0131d\u0131r. 2. Kolayca suya maruz kalabilece\u011fi bir noktaya konumland\u0131r\u0131lmamal\u0131d\u0131r. 3. Elektrikli s\u00fcp\u00fcrge veya nemli bir bezle temizlenip, ard\u0131ndan kuru bir bezle yard\u0131m\u0131yla silinmelidir. 4.Outdoor kullan\u0131m i\u00e7in uygun de\u011fildir.<\/p>\n","protected":false},"featured_media":20690,"template":"","meta":[],"product_brand":[],"product_cat":[118],"product_tag":[4732],"class_list":{"0":"post-20689","1":"product","2":"type-product","3":"status-publish","4":"has-post-thumbnail","6":"product_cat-611srd","7":"product_tag-611srd000015","9":"first","10":"instock","11":"taxable","12":"shipping-taxable","13":"product-type-simple"},"_links":{"self":[{"href":"https:\/\/kervanmagazacilik.com\/index.php\/wp-json\/wp\/v2\/product\/20689","targetHints":{"allow":["GET"]}}],"collection":[{"href":"https:\/\/kervanmagazacilik.com\/index.php\/wp-json\/wp\/v2\/product"}],"about":[{"href":"https:\/\/kervanmagazacilik.com\/index.php\/wp-json\/wp\/v2\/types\/product"}],"wp:featuredmedia":[{"embeddable":true,"href":"https:\/\/kervanmagazacilik.com\/index.php\/wp-json\/wp\/v2\/media\/20690"}],"wp:attachment":[{"href":"https:\/\/kervanmagazacilik.com\/index.php\/wp-json\/wp\/v2\/media?parent=20689"}],"wp:term":[{"taxonomy":"product_brand","embeddable":true,"href":"https:\/\/kervanmagazacilik.com\/index.php\/wp-json\/wp\/v2\/product_brand?post=20689"},{"taxonomy":"product_cat","embeddable":true,"href":"https:\/\/kervanmagazacilik.com\/index.php\/wp-json\/wp\/v2\/product_cat?post=20689"},{"taxonomy":"product_tag","embeddable":true,"href":"https:\/\/kervanmagazacilik.com\/index.php\/wp-json\/wp\/v2\/product_tag?post=20689"}],"curies":[{"name":"wp","href":"https:\/\/api.w.org\/{rel}","templated":true}]}}