{"id":20572,"date":"2024-12-19T08:35:51","date_gmt":"2024-12-19T05:35:51","guid":{"rendered":"https:\/\/kervanmagazacilik.com\/?post_type=product&#038;p=20572"},"modified":"2024-12-19T08:35:52","modified_gmt":"2024-12-19T05:35:52","slug":"671tls000032","status":"publish","type":"product","link":"https:\/\/kervanmagazacilik.com\/index.php\/urun\/671tls000032\/","title":{"rendered":"671TLS000032"},"content":{"rendered":"<p>671TLS000032<\/p>\n<p>EM\u0130LY YEMEK TAKIMI 61 PARCA<\/p>\n<p>Do\u011fal kemik tozunun 1250 derecede f\u0131r\u0131nlanmas\u0131yla \u00fcretilmi\u015ftir.<\/p>\n<p>12 adet servis tabak: 26,7cm<\/p>\n<p>12 adet yemek tabak: 22,9 cm<\/p>\n<p>12 adet pasta tabak: 20,32 cm<\/p>\n<p>12 adet \u00e7orba kase: 15.3 cm<\/p>\n<p>1 salata kase<\/p>\n<p>6 kay\u0131k<\/p>\n<p>2 tuzluk<\/p>\n<p>2 biberlik<\/p>\n<p>1 tencere<\/p>\n<p>1 tencere kapa\u011f\u0131<\/p>\n<p>KULLANIM ESNASINDA D\u0130KKAT ED\u0130LMES\u0130 GEREKEN HUSUSLAR<br \/>\n\u00bb Do\u011frudan ate\u015fe temas ettirmeyiniz.<br \/>\n\u00bb Pasl\u0131 metaller ile temas\u0131ndan sak\u0131n\u0131n\u0131z.<br \/>\n\u00bb K\u0131r\u0131k ve \u00e7atlak par\u00e7alar\u0131 kullanmay\u0131n\u0131z.<br \/>\n\u00bb Uzun s\u00fcreli olarak kimyasal i\u00e7erikli maddeler ile temas ettirmeyiniz.<br \/>\n\u00bb Y\u00fcksek derecelerde ani \u0131s\u0131 de\u011fi\u015fikli\u011finden koruyunuz.<\/p>\n<p>KULLANIM \u00d6NER\u0130LER\u0130<br \/>\n\u00bb Sert temizlik maddeleri (bula\u015f\u0131k s\u00fcngerinin sert y\u00fczeyi gibi) \u00e7ama\u015f\u0131r suyu ve<br \/>\nbenzeri kimyasallar \u00fcr\u00fcn\u00fcn desenine zarar verebilece\u011finden yumu\u015fak s\u00fcnger ve<br \/>\ns\u0131v\u0131 deterjan kullan\u0131lmas\u0131 \u00f6nerilir.<br \/>\n\u00bb Hassas y\u0131kama program\u0131 ile d\u00fc\u015f\u00fck s\u0131cakl\u0131kta bula\u015f\u0131k makinesinde y\u0131kanabilir.<br \/>\n\u00bb Y\u0131kama esnas\u0131nda metal ve benzeri mutfak gere\u00e7leri ile birlikte y\u0131kamay\u0131n\u0131z.<br \/>\n\u00bb Y\u0131kama esnas\u0131nda \u00fcr\u00fcn\u00fcn\u00fcz\u00fc pasl\u0131 metal y\u00fczeyler ile temas ettirmeyiniz.<br \/>\n\u00bb Tabaklar\u0131 \u00fcst \u00fcste dizerken aralar\u0131na koruyucu \u00f6rt\u00fc sermeyi unutmayan\u0131z.<br \/>\n\u00bb G\u00fcvenli bir yerde, \u00e7ocuklar\u0131n\u0131z\u0131n ula\u015famayaca\u011f\u0131 bir yerde saklamay\u0131 tercih ediniz.<\/p>\n<p>DESENL\u0130 YEMEK TAKIMIMI BULA\u015eIK MAK\u0130NES\u0130NDE YIKAMAK<br \/>\nDESENLERE ZARAR VER\u0130R M\u0130?<br \/>\nY\u0131kama esnas\u0131nda jel deterjanlar kullan\u0131lmal\u0131 ve 30o<br \/>\nk\u0131sa programda y\u0131kama<br \/>\nyap\u0131lmal\u0131d\u0131r. Y\u0131kama s\u0131ras\u0131nda porselenlerin birbirleriyle temas halinde<br \/>\nolmamalar\u0131na \u00f6zen g\u00f6steriniz.<\/p>\n<p>YEMEK TAKIM PAR\u00c7ALARININ \u00dcZER\u0130NDE BEYAZ LEKELER OLU\u015eTU<br \/>\nNASIL \u00c7IKARTAB\u0130L\u0130R\u0130M?<br \/>\nSu sertli\u011finden dolay\u0131 olu\u015fabilecek lekeleri sirke ile kolayca temizleyebilirsiniz.<br \/>\nDesenler \u00fczerindeki lekelere bu i\u015flemi uygulamay\u0131n\u0131z.<\/p>\n<p>PORSELENLER\u0130 FIRINDA VE M\u0130KRODALGADA KULLANAB\u0130L\u0130R M\u0130Y\u0130M?<br \/>\nDesenlerinde alt\u0131n ve platin s\u00fcslemeler bulunmayan tak\u0131mlar, mikrodalga kullan\u0131m\u0131<br \/>\ni\u00e7in uygundur. Ancak s\u00fcslemelerinde alt\u0131n ya da platin bulunan tak\u0131mlar, kesinlikle<br \/>\nmikrodalgada kullan\u0131lamaz. Alt\u0131n, platin desenli ya da desensiz t\u00fcm porselen<br \/>\ntak\u0131mlar\u0131n f\u0131r\u0131nda kullan\u0131m\u0131 tavsiye edilmez. \u00c7\u00fcnk\u00fc buzdolab\u0131 ya da dondurucudan<br \/>\n\u00e7\u0131kard\u0131ktan sonra h\u0131zl\u0131 de\u011fi\u015fimine tabi tutmak ve \u00e7\u0131plak ate\u015fe maruz b\u0131rakmak, ani<br \/>\n\u0131s\u0131 de\u011fi\u015fimi nedeniyle \u015fok etkisi yaratarak \u00e7atlama ve k\u0131r\u0131lmalara neden olabilir.<\/p>\n","protected":false},"excerpt":{"rendered":"<p>671TLS000032 EM\u0130LY YEMEK TAKIMI 61 PARCA Do\u011fal kemik tozunun 1250 derecede f\u0131r\u0131nlanmas\u0131yla \u00fcretilmi\u015ftir. 12 adet servis tabak: 26,7cm 12 adet yemek tabak: 22,9 cm 12 adet pasta tabak: 20,32 cm 12 adet \u00e7orba kase: 15.3 cm 1 salata kase 6 kay\u0131k 2 tuzluk 2 biberlik 1 tencere 1 tencere kapa\u011f\u0131 KULLANIM ESNASINDA D\u0130KKAT ED\u0130LMES\u0130 GEREKEN [&hellip;]<\/p>\n","protected":false},"featured_media":20574,"template":"","meta":[],"product_brand":[],"product_cat":[171],"product_tag":[4710],"class_list":{"0":"post-20572","1":"product","2":"type-product","3":"status-publish","4":"has-post-thumbnail","6":"product_cat-671tls","7":"product_tag-671tls000032","9":"first","10":"instock","11":"taxable","12":"shipping-taxable","13":"product-type-simple"},"_links":{"self":[{"href":"https:\/\/kervanmagazacilik.com\/index.php\/wp-json\/wp\/v2\/product\/20572","targetHints":{"allow":["GET"]}}],"collection":[{"href":"https:\/\/kervanmagazacilik.com\/index.php\/wp-json\/wp\/v2\/product"}],"about":[{"href":"https:\/\/kervanmagazacilik.com\/index.php\/wp-json\/wp\/v2\/types\/product"}],"wp:featuredmedia":[{"embeddable":true,"href":"https:\/\/kervanmagazacilik.com\/index.php\/wp-json\/wp\/v2\/media\/20574"}],"wp:attachment":[{"href":"https:\/\/kervanmagazacilik.com\/index.php\/wp-json\/wp\/v2\/media?parent=20572"}],"wp:term":[{"taxonomy":"product_brand","embeddable":true,"href":"https:\/\/kervanmagazacilik.com\/index.php\/wp-json\/wp\/v2\/product_brand?post=20572"},{"taxonomy":"product_cat","embeddable":true,"href":"https:\/\/kervanmagazacilik.com\/index.php\/wp-json\/wp\/v2\/product_cat?post=20572"},{"taxonomy":"product_tag","embeddable":true,"href":"https:\/\/kervanmagazacilik.com\/index.php\/wp-json\/wp\/v2\/product_tag?post=20572"}],"curies":[{"name":"wp","href":"https:\/\/api.w.org\/{rel}","templated":true}]}}