{"id":20508,"date":"2024-12-18T14:36:53","date_gmt":"2024-12-18T11:36:53","guid":{"rendered":"https:\/\/kervanmagazacilik.com\/?post_type=product&#038;p=20508"},"modified":"2024-12-18T14:36:55","modified_gmt":"2024-12-18T11:36:55","slug":"002hsh002387","status":"publish","type":"product","link":"https:\/\/kervanmagazacilik.com\/index.php\/urun\/002hsh002387\/","title":{"rendered":"002HSH002387"},"content":{"rendered":"<p>002HSH002387<\/p>\n<p>TRESSA LAST\u0130KL\u0130 \u00c7AR\u015eAF 200X230 BATTAL ANTRAS\u0130T<\/p>\n","protected":false},"excerpt":{"rendered":"<p>002HSH002387 TRESSA LAST\u0130KL\u0130 \u00c7AR\u015eAF 200X230 BATTAL ANTRAS\u0130T<\/p>\n","protected":false},"featured_media":20513,"template":"","meta":[],"product_brand":[],"product_cat":[2085],"product_tag":[4704],"class_list":{"0":"post-20508","1":"product","2":"type-product","3":"status-publish","4":"has-post-thumbnail","6":"product_cat-002hsh","7":"product_tag-002hsh002387","9":"first","10":"instock","11":"taxable","12":"shipping-taxable","13":"product-type-simple"},"_links":{"self":[{"href":"https:\/\/kervanmagazacilik.com\/index.php\/wp-json\/wp\/v2\/product\/20508","targetHints":{"allow":["GET"]}}],"collection":[{"href":"https:\/\/kervanmagazacilik.com\/index.php\/wp-json\/wp\/v2\/product"}],"about":[{"href":"https:\/\/kervanmagazacilik.com\/index.php\/wp-json\/wp\/v2\/types\/product"}],"wp:featuredmedia":[{"embeddable":true,"href":"https:\/\/kervanmagazacilik.com\/index.php\/wp-json\/wp\/v2\/media\/20513"}],"wp:attachment":[{"href":"https:\/\/kervanmagazacilik.com\/index.php\/wp-json\/wp\/v2\/media?parent=20508"}],"wp:term":[{"taxonomy":"product_brand","embeddable":true,"href":"https:\/\/kervanmagazacilik.com\/index.php\/wp-json\/wp\/v2\/product_brand?post=20508"},{"taxonomy":"product_cat","embeddable":true,"href":"https:\/\/kervanmagazacilik.com\/index.php\/wp-json\/wp\/v2\/product_cat?post=20508"},{"taxonomy":"product_tag","embeddable":true,"href":"https:\/\/kervanmagazacilik.com\/index.php\/wp-json\/wp\/v2\/product_tag?post=20508"}],"curies":[{"name":"wp","href":"https:\/\/api.w.org\/{rel}","templated":true}]}}