{"id":20492,"date":"2024-12-18T14:24:50","date_gmt":"2024-12-18T11:24:50","guid":{"rendered":"https:\/\/kervanmagazacilik.com\/?post_type=product&#038;p=20492"},"modified":"2024-12-18T14:24:50","modified_gmt":"2024-12-18T11:24:50","slug":"002hsh002381","status":"publish","type":"product","link":"https:\/\/kervanmagazacilik.com\/index.php\/urun\/002hsh002381\/","title":{"rendered":"002HSH002381"},"content":{"rendered":"<p>002HSH002381<\/p>\n<p>TRESSA LAST\u0130KL\u0130 \u00c7AR\u015eAF 160X200 C.K ANTRAS\u0130T<\/p>\n","protected":false},"excerpt":{"rendered":"<p>002HSH002381 TRESSA LAST\u0130KL\u0130 \u00c7AR\u015eAF 160X200 C.K ANTRAS\u0130T<\/p>\n","protected":false},"featured_media":20497,"template":"","meta":[],"product_brand":[],"product_cat":[2085],"product_tag":[4701],"class_list":{"0":"post-20492","1":"product","2":"type-product","3":"status-publish","4":"has-post-thumbnail","6":"product_cat-002hsh","7":"product_tag-002hsh002381","9":"first","10":"instock","11":"taxable","12":"shipping-taxable","13":"product-type-simple"},"_links":{"self":[{"href":"https:\/\/kervanmagazacilik.com\/index.php\/wp-json\/wp\/v2\/product\/20492","targetHints":{"allow":["GET"]}}],"collection":[{"href":"https:\/\/kervanmagazacilik.com\/index.php\/wp-json\/wp\/v2\/product"}],"about":[{"href":"https:\/\/kervanmagazacilik.com\/index.php\/wp-json\/wp\/v2\/types\/product"}],"wp:featuredmedia":[{"embeddable":true,"href":"https:\/\/kervanmagazacilik.com\/index.php\/wp-json\/wp\/v2\/media\/20497"}],"wp:attachment":[{"href":"https:\/\/kervanmagazacilik.com\/index.php\/wp-json\/wp\/v2\/media?parent=20492"}],"wp:term":[{"taxonomy":"product_brand","embeddable":true,"href":"https:\/\/kervanmagazacilik.com\/index.php\/wp-json\/wp\/v2\/product_brand?post=20492"},{"taxonomy":"product_cat","embeddable":true,"href":"https:\/\/kervanmagazacilik.com\/index.php\/wp-json\/wp\/v2\/product_cat?post=20492"},{"taxonomy":"product_tag","embeddable":true,"href":"https:\/\/kervanmagazacilik.com\/index.php\/wp-json\/wp\/v2\/product_tag?post=20492"}],"curies":[{"name":"wp","href":"https:\/\/api.w.org\/{rel}","templated":true}]}}