{"id":20480,"date":"2024-12-18T14:07:43","date_gmt":"2024-12-18T11:07:43","guid":{"rendered":"https:\/\/kervanmagazacilik.com\/?post_type=product&#038;p=20480"},"modified":"2024-12-18T14:07:44","modified_gmt":"2024-12-18T11:07:44","slug":"002hsh002378","status":"publish","type":"product","link":"https:\/\/kervanmagazacilik.com\/index.php\/urun\/002hsh002378\/","title":{"rendered":"002HSH002378"},"content":{"rendered":"<p>002HSH002378<\/p>\n<p>TRESSA LAST\u0130KL\u0130 \u00c7AR\u015eAF 160X200 C.K A.MAV\u0130<\/p>\n","protected":false},"excerpt":{"rendered":"<p>002HSH002378 TRESSA LAST\u0130KL\u0130 \u00c7AR\u015eAF 160X200 C.K A.MAV\u0130<\/p>\n","protected":false},"featured_media":20486,"template":"","meta":[],"product_brand":[],"product_cat":[2085],"product_tag":[4699],"class_list":{"0":"post-20480","1":"product","2":"type-product","3":"status-publish","4":"has-post-thumbnail","6":"product_cat-002hsh","7":"product_tag-002hsh002378","9":"first","10":"instock","11":"taxable","12":"shipping-taxable","13":"product-type-simple"},"_links":{"self":[{"href":"https:\/\/kervanmagazacilik.com\/index.php\/wp-json\/wp\/v2\/product\/20480","targetHints":{"allow":["GET"]}}],"collection":[{"href":"https:\/\/kervanmagazacilik.com\/index.php\/wp-json\/wp\/v2\/product"}],"about":[{"href":"https:\/\/kervanmagazacilik.com\/index.php\/wp-json\/wp\/v2\/types\/product"}],"wp:featuredmedia":[{"embeddable":true,"href":"https:\/\/kervanmagazacilik.com\/index.php\/wp-json\/wp\/v2\/media\/20486"}],"wp:attachment":[{"href":"https:\/\/kervanmagazacilik.com\/index.php\/wp-json\/wp\/v2\/media?parent=20480"}],"wp:term":[{"taxonomy":"product_brand","embeddable":true,"href":"https:\/\/kervanmagazacilik.com\/index.php\/wp-json\/wp\/v2\/product_brand?post=20480"},{"taxonomy":"product_cat","embeddable":true,"href":"https:\/\/kervanmagazacilik.com\/index.php\/wp-json\/wp\/v2\/product_cat?post=20480"},{"taxonomy":"product_tag","embeddable":true,"href":"https:\/\/kervanmagazacilik.com\/index.php\/wp-json\/wp\/v2\/product_tag?post=20480"}],"curies":[{"name":"wp","href":"https:\/\/api.w.org\/{rel}","templated":true}]}}