{"id":20451,"date":"2024-12-18T13:46:28","date_gmt":"2024-12-18T10:46:28","guid":{"rendered":"https:\/\/kervanmagazacilik.com\/?post_type=product&#038;p=20451"},"modified":"2024-12-18T13:46:29","modified_gmt":"2024-12-18T10:46:29","slug":"720alt000025","status":"publish","type":"product","link":"https:\/\/kervanmagazacilik.com\/index.php\/urun\/720alt000025\/","title":{"rendered":"720ALT000025"},"content":{"rendered":"<p>720ALT000025<\/p>\n<p>EKO MASA LAMBASI ASORTI (ML-8200) 17x43cm<\/p>\n<p>Kuru bez ile toz al\u0131nmal\u0131d\u0131r.<\/p>\n","protected":false},"excerpt":{"rendered":"<p>720ALT000025 EKO MASA LAMBASI ASORTI (ML-8200) 17x43cm Kuru bez ile toz al\u0131nmal\u0131d\u0131r.<\/p>\n","protected":false},"featured_media":20454,"template":"","meta":[],"product_brand":[],"product_cat":[174],"product_tag":[4695],"class_list":{"0":"post-20451","1":"product","2":"type-product","3":"status-publish","4":"has-post-thumbnail","6":"product_cat-720alt","7":"product_tag-720alt000025","9":"first","10":"instock","11":"taxable","12":"shipping-taxable","13":"product-type-simple"},"_links":{"self":[{"href":"https:\/\/kervanmagazacilik.com\/index.php\/wp-json\/wp\/v2\/product\/20451","targetHints":{"allow":["GET"]}}],"collection":[{"href":"https:\/\/kervanmagazacilik.com\/index.php\/wp-json\/wp\/v2\/product"}],"about":[{"href":"https:\/\/kervanmagazacilik.com\/index.php\/wp-json\/wp\/v2\/types\/product"}],"wp:featuredmedia":[{"embeddable":true,"href":"https:\/\/kervanmagazacilik.com\/index.php\/wp-json\/wp\/v2\/media\/20454"}],"wp:attachment":[{"href":"https:\/\/kervanmagazacilik.com\/index.php\/wp-json\/wp\/v2\/media?parent=20451"}],"wp:term":[{"taxonomy":"product_brand","embeddable":true,"href":"https:\/\/kervanmagazacilik.com\/index.php\/wp-json\/wp\/v2\/product_brand?post=20451"},{"taxonomy":"product_cat","embeddable":true,"href":"https:\/\/kervanmagazacilik.com\/index.php\/wp-json\/wp\/v2\/product_cat?post=20451"},{"taxonomy":"product_tag","embeddable":true,"href":"https:\/\/kervanmagazacilik.com\/index.php\/wp-json\/wp\/v2\/product_tag?post=20451"}],"curies":[{"name":"wp","href":"https:\/\/api.w.org\/{rel}","templated":true}]}}