{"id":20439,"date":"2024-12-18T13:38:51","date_gmt":"2024-12-18T10:38:51","guid":{"rendered":"https:\/\/kervanmagazacilik.com\/?post_type=product&#038;p=20439"},"modified":"2024-12-18T13:38:54","modified_gmt":"2024-12-18T10:38:54","slug":"150hsh000978","status":"publish","type":"product","link":"https:\/\/kervanmagazacilik.com\/index.php\/urun\/150hsh000978\/","title":{"rendered":"150HSH000978"},"content":{"rendered":"<p>150HSH000978<\/p>\n<p>LOTUS KOKU \u015e\u0130\u015eES\u0130 14X16 CM KREM<\/p>\n<p>MALZEME: CAM + DO\u011eAL TA\u015e<\/p>\n<p>\u015e\u0130\u015eE: 480 CC D\u0130R.<\/p>\n<p>\u00d6l\u00e7\u00fcler +\/- 5 cm de\u011fi\u015fkenlik g\u00f6sterebilir<\/p>\n<p>\u015e\u0130\u015eEN\u0130N \u0130\u00c7ER\u0130S\u0130NE ESANS KOKU DOLDURULMALIDIR. DOLDURDUKTAN B\u0130R S\u00dcRE SONRA, SERAM\u0130K KOKU TA\u015eI ESANSI HIZLI OLARAK EMECEKT\u0130R. DAHA SONRA ESANSI EMME S\u00dcRES\u0130 ZAMANLA AZALACAKTIR. ESANS AZALINCA YEDEK ESANSLARIMIZDAN SATIN ALAB\u0130L\u0130RS\u0130N\u0130Z. KOKU YAYILIMI \u0130\u00c7\u0130N \u00d6ZEL FORM\u00dcLE ED\u0130LM\u0130\u015e DO\u011eAL TA\u015eTAN YAPILMI\u015e BA\u015eLI\u011eI SAYES\u0130NDE MAKS\u0130MUM YAYILIM SA\u011eLAR. \u00c7OK \u015eIK TASARIMI \u0130LE DEKORASYONUNUZDA VAZGE\u00c7\u0130LMEZ OLACAK. KURU BEZ \u0130LE TOZ ALINMALIDIR<\/p>\n","protected":false},"excerpt":{"rendered":"<p>150HSH000978 LOTUS KOKU \u015e\u0130\u015eES\u0130 14X16 CM KREM MALZEME: CAM + DO\u011eAL TA\u015e \u015e\u0130\u015eE: 480 CC D\u0130R. \u00d6l\u00e7\u00fcler +\/- 5 cm de\u011fi\u015fkenlik g\u00f6sterebilir \u015e\u0130\u015eEN\u0130N \u0130\u00c7ER\u0130S\u0130NE ESANS KOKU DOLDURULMALIDIR. DOLDURDUKTAN B\u0130R S\u00dcRE SONRA, SERAM\u0130K KOKU TA\u015eI ESANSI HIZLI OLARAK EMECEKT\u0130R. DAHA SONRA ESANSI EMME S\u00dcRES\u0130 ZAMANLA AZALACAKTIR. ESANS AZALINCA YEDEK ESANSLARIMIZDAN SATIN ALAB\u0130L\u0130RS\u0130N\u0130Z. KOKU YAYILIMI \u0130\u00c7\u0130N \u00d6ZEL [&hellip;]<\/p>\n","protected":false},"featured_media":20441,"template":"","meta":[],"product_brand":[],"product_cat":[164],"product_tag":[4692],"class_list":{"0":"post-20439","1":"product","2":"type-product","3":"status-publish","4":"has-post-thumbnail","6":"product_cat-150hsh","7":"product_tag-150hsh000978","9":"first","10":"instock","11":"taxable","12":"shipping-taxable","13":"product-type-simple"},"_links":{"self":[{"href":"https:\/\/kervanmagazacilik.com\/index.php\/wp-json\/wp\/v2\/product\/20439","targetHints":{"allow":["GET"]}}],"collection":[{"href":"https:\/\/kervanmagazacilik.com\/index.php\/wp-json\/wp\/v2\/product"}],"about":[{"href":"https:\/\/kervanmagazacilik.com\/index.php\/wp-json\/wp\/v2\/types\/product"}],"wp:featuredmedia":[{"embeddable":true,"href":"https:\/\/kervanmagazacilik.com\/index.php\/wp-json\/wp\/v2\/media\/20441"}],"wp:attachment":[{"href":"https:\/\/kervanmagazacilik.com\/index.php\/wp-json\/wp\/v2\/media?parent=20439"}],"wp:term":[{"taxonomy":"product_brand","embeddable":true,"href":"https:\/\/kervanmagazacilik.com\/index.php\/wp-json\/wp\/v2\/product_brand?post=20439"},{"taxonomy":"product_cat","embeddable":true,"href":"https:\/\/kervanmagazacilik.com\/index.php\/wp-json\/wp\/v2\/product_cat?post=20439"},{"taxonomy":"product_tag","embeddable":true,"href":"https:\/\/kervanmagazacilik.com\/index.php\/wp-json\/wp\/v2\/product_tag?post=20439"}],"curies":[{"name":"wp","href":"https:\/\/api.w.org\/{rel}","templated":true}]}}