{"id":20433,"date":"2024-12-18T13:36:41","date_gmt":"2024-12-18T10:36:41","guid":{"rendered":"https:\/\/kervanmagazacilik.com\/?post_type=product&#038;p=20433"},"modified":"2024-12-18T13:36:42","modified_gmt":"2024-12-18T10:36:42","slug":"150hsh000971","status":"publish","type":"product","link":"https:\/\/kervanmagazacilik.com\/index.php\/urun\/150hsh000971\/","title":{"rendered":"150HSH000971"},"content":{"rendered":"<p>150HSH000971<\/p>\n<p>\u00c7\u0130\u00c7EKL\u0130 KOKU \u015e\u0130\u015eES\u0130 10X15 CM<\/p>\n","protected":false},"excerpt":{"rendered":"<p>150HSH000971 \u00c7\u0130\u00c7EKL\u0130 KOKU \u015e\u0130\u015eES\u0130 10X15 CM<\/p>\n","protected":false},"featured_media":20436,"template":"","meta":[],"product_brand":[],"product_cat":[164],"product_tag":[4691],"class_list":{"0":"post-20433","1":"product","2":"type-product","3":"status-publish","4":"has-post-thumbnail","6":"product_cat-150hsh","7":"product_tag-150hsh000971","9":"first","10":"instock","11":"taxable","12":"shipping-taxable","13":"product-type-simple"},"_links":{"self":[{"href":"https:\/\/kervanmagazacilik.com\/index.php\/wp-json\/wp\/v2\/product\/20433","targetHints":{"allow":["GET"]}}],"collection":[{"href":"https:\/\/kervanmagazacilik.com\/index.php\/wp-json\/wp\/v2\/product"}],"about":[{"href":"https:\/\/kervanmagazacilik.com\/index.php\/wp-json\/wp\/v2\/types\/product"}],"wp:featuredmedia":[{"embeddable":true,"href":"https:\/\/kervanmagazacilik.com\/index.php\/wp-json\/wp\/v2\/media\/20436"}],"wp:attachment":[{"href":"https:\/\/kervanmagazacilik.com\/index.php\/wp-json\/wp\/v2\/media?parent=20433"}],"wp:term":[{"taxonomy":"product_brand","embeddable":true,"href":"https:\/\/kervanmagazacilik.com\/index.php\/wp-json\/wp\/v2\/product_brand?post=20433"},{"taxonomy":"product_cat","embeddable":true,"href":"https:\/\/kervanmagazacilik.com\/index.php\/wp-json\/wp\/v2\/product_cat?post=20433"},{"taxonomy":"product_tag","embeddable":true,"href":"https:\/\/kervanmagazacilik.com\/index.php\/wp-json\/wp\/v2\/product_tag?post=20433"}],"curies":[{"name":"wp","href":"https:\/\/api.w.org\/{rel}","templated":true}]}}