{"id":20395,"date":"2024-12-18T12:25:15","date_gmt":"2024-12-18T09:25:15","guid":{"rendered":"https:\/\/kervanmagazacilik.com\/?post_type=product&#038;p=20395"},"modified":"2024-12-18T12:25:16","modified_gmt":"2024-12-18T09:25:16","slug":"732ozv001278","status":"publish","type":"product","link":"https:\/\/kervanmagazacilik.com\/index.php\/urun\/732ozv001278\/","title":{"rendered":"732OZV001278"},"content":{"rendered":"<p>732OZV001278<\/p>\n<p>YA\u011eLI BOYA DOKULU \u00c7\u0130\u00c7EK-1 TABLO GOLD 80X80 CM<\/p>\n<p>Kuru bezle toz al\u0131nmal\u0131d\u0131r.<br \/>\nAsma aparatlar\u0131n\u0131n oldu\u011fu yerlerden as\u0131lmal\u0131d\u0131r. Ba\u015fka bir yerden asmay\u0131n\u0131z.<\/p>\n","protected":false},"excerpt":{"rendered":"<p>732OZV001278 YA\u011eLI BOYA DOKULU \u00c7\u0130\u00c7EK-1 TABLO GOLD 80X80 CM Kuru bezle toz al\u0131nmal\u0131d\u0131r. Asma aparatlar\u0131n\u0131n oldu\u011fu yerlerden as\u0131lmal\u0131d\u0131r. Ba\u015fka bir yerden asmay\u0131n\u0131z.<\/p>\n","protected":false},"featured_media":20397,"template":"","meta":[],"product_brand":[],"product_cat":[194],"product_tag":[4684],"class_list":{"0":"post-20395","1":"product","2":"type-product","3":"status-publish","4":"has-post-thumbnail","6":"product_cat-732ozv","7":"product_tag-732ozv001278","9":"first","10":"instock","11":"taxable","12":"shipping-taxable","13":"product-type-simple"},"_links":{"self":[{"href":"https:\/\/kervanmagazacilik.com\/index.php\/wp-json\/wp\/v2\/product\/20395","targetHints":{"allow":["GET"]}}],"collection":[{"href":"https:\/\/kervanmagazacilik.com\/index.php\/wp-json\/wp\/v2\/product"}],"about":[{"href":"https:\/\/kervanmagazacilik.com\/index.php\/wp-json\/wp\/v2\/types\/product"}],"wp:featuredmedia":[{"embeddable":true,"href":"https:\/\/kervanmagazacilik.com\/index.php\/wp-json\/wp\/v2\/media\/20397"}],"wp:attachment":[{"href":"https:\/\/kervanmagazacilik.com\/index.php\/wp-json\/wp\/v2\/media?parent=20395"}],"wp:term":[{"taxonomy":"product_brand","embeddable":true,"href":"https:\/\/kervanmagazacilik.com\/index.php\/wp-json\/wp\/v2\/product_brand?post=20395"},{"taxonomy":"product_cat","embeddable":true,"href":"https:\/\/kervanmagazacilik.com\/index.php\/wp-json\/wp\/v2\/product_cat?post=20395"},{"taxonomy":"product_tag","embeddable":true,"href":"https:\/\/kervanmagazacilik.com\/index.php\/wp-json\/wp\/v2\/product_tag?post=20395"}],"curies":[{"name":"wp","href":"https:\/\/api.w.org\/{rel}","templated":true}]}}