{"id":20328,"date":"2024-12-17T21:21:52","date_gmt":"2024-12-17T18:21:52","guid":{"rendered":"https:\/\/kervanmagazacilik.com\/?post_type=product&#038;p=20328"},"modified":"2024-12-17T21:21:52","modified_gmt":"2024-12-17T18:21:52","slug":"759img100068","status":"publish","type":"product","link":"https:\/\/kervanmagazacilik.com\/index.php\/urun\/759img100068\/","title":{"rendered":"759IMG100068"},"content":{"rendered":"<p>759IMG100068<\/p>\n<p>13928 MUMLUK GUMUS 23x23x56cm<\/p>\n<p>Aliminyum \u00fcr\u00fcnlerin zamanla kararmas\u0131n\u0131 engellemek i\u00e7in \u00fcst\u00fcne vernik at\u0131lm\u0131\u015ft\u0131r .Hem kaplaman\u0131n kalkmamas\u0131 hemde \u00fcr\u00fcnlerin \u00e7izilmemesi i\u00e7in yumu\u015fak bez ile ovu\u015fturmadan toz al\u0131nmas\u0131 gerekir .Y\u0131kanmak zorunda kal\u0131n\u0131r ise kimyasal i\u00e7ermeyen deterjan ile elde y\u0131kand\u0131ktan sonra \u00e7ok iyi kurulanmal\u0131d\u0131r \u0130yi kurulanmayan \u00fcr\u00fcnler zamanla oksitlenme yapabilir .<\/p>\n","protected":false},"excerpt":{"rendered":"<p>759IMG100068 13928 MUMLUK GUMUS 23x23x56cm Aliminyum \u00fcr\u00fcnlerin zamanla kararmas\u0131n\u0131 engellemek i\u00e7in \u00fcst\u00fcne vernik at\u0131lm\u0131\u015ft\u0131r .Hem kaplaman\u0131n kalkmamas\u0131 hemde \u00fcr\u00fcnlerin \u00e7izilmemesi i\u00e7in yumu\u015fak bez ile ovu\u015fturmadan toz al\u0131nmas\u0131 gerekir .Y\u0131kanmak zorunda kal\u0131n\u0131r ise kimyasal i\u00e7ermeyen deterjan ile elde y\u0131kand\u0131ktan sonra \u00e7ok iyi kurulanmal\u0131d\u0131r \u0130yi kurulanmayan \u00fcr\u00fcnler zamanla oksitlenme yapabilir .<\/p>\n","protected":false},"featured_media":20329,"template":"","meta":[],"product_brand":[],"product_cat":[230],"product_tag":[4668],"class_list":{"0":"post-20328","1":"product","2":"type-product","3":"status-publish","4":"has-post-thumbnail","6":"product_cat-759img","7":"product_tag-759img100068","9":"first","10":"instock","11":"taxable","12":"shipping-taxable","13":"product-type-simple"},"_links":{"self":[{"href":"https:\/\/kervanmagazacilik.com\/index.php\/wp-json\/wp\/v2\/product\/20328","targetHints":{"allow":["GET"]}}],"collection":[{"href":"https:\/\/kervanmagazacilik.com\/index.php\/wp-json\/wp\/v2\/product"}],"about":[{"href":"https:\/\/kervanmagazacilik.com\/index.php\/wp-json\/wp\/v2\/types\/product"}],"wp:featuredmedia":[{"embeddable":true,"href":"https:\/\/kervanmagazacilik.com\/index.php\/wp-json\/wp\/v2\/media\/20329"}],"wp:attachment":[{"href":"https:\/\/kervanmagazacilik.com\/index.php\/wp-json\/wp\/v2\/media?parent=20328"}],"wp:term":[{"taxonomy":"product_brand","embeddable":true,"href":"https:\/\/kervanmagazacilik.com\/index.php\/wp-json\/wp\/v2\/product_brand?post=20328"},{"taxonomy":"product_cat","embeddable":true,"href":"https:\/\/kervanmagazacilik.com\/index.php\/wp-json\/wp\/v2\/product_cat?post=20328"},{"taxonomy":"product_tag","embeddable":true,"href":"https:\/\/kervanmagazacilik.com\/index.php\/wp-json\/wp\/v2\/product_tag?post=20328"}],"curies":[{"name":"wp","href":"https:\/\/api.w.org\/{rel}","templated":true}]}}