{"id":20298,"date":"2024-12-17T12:27:33","date_gmt":"2024-12-17T09:27:33","guid":{"rendered":"https:\/\/kervanmagazacilik.com\/?post_type=product&#038;p=20298"},"modified":"2024-12-17T12:27:34","modified_gmt":"2024-12-17T09:27:34","slug":"759img100047","status":"publish","type":"product","link":"https:\/\/kervanmagazacilik.com\/index.php\/urun\/759img100047\/","title":{"rendered":"759IMG100047"},"content":{"rendered":"<p>759IMG100047<\/p>\n<p>13491 DEKORATIF KASE 26&#215;14.5x8cm<\/p>\n<p>Paslanmaz \u00e7elik y\u00fczeyleri silerken sert kimyasal kullanmay\u0131n. Y\u00fczeye zarar verici etkiye sahip bu kimyasallar\u0131n kullan\u0131m\u0131na gerek yoktur. Zorlu olmayan kirden ar\u0131nd\u0131rmak i\u00e7in s\u0131cak suyla nemlendirilmi\u015f uygun bir bezle silmek yeterli olacakt\u0131r. Ya\u011f art\u0131\u011f\u0131 gibi kirler ve su lekeleri mevcutsa bula\u015f\u0131k deterjan\u0131yla hafif\u00e7e k\u00f6p\u00fcrt\u00fclm\u00fc\u015f bir bezle de y\u00fczeyi silebilirsiniz.Bula\u015f\u0131k makinas\u0131nda y\u0131kamay\u0131n ve \u00fcr\u00fcnleri \u00e7ok iyi kurulay\u0131n .\u0130yi kurulanmayan \u00fcr\u00fcnler zamanla oksitlenme yapabilir .<\/p>\n","protected":false},"excerpt":{"rendered":"<p>759IMG100047 13491 DEKORATIF KASE 26&#215;14.5x8cm Paslanmaz \u00e7elik y\u00fczeyleri silerken sert kimyasal kullanmay\u0131n. Y\u00fczeye zarar verici etkiye sahip bu kimyasallar\u0131n kullan\u0131m\u0131na gerek yoktur. Zorlu olmayan kirden ar\u0131nd\u0131rmak i\u00e7in s\u0131cak suyla nemlendirilmi\u015f uygun bir bezle silmek yeterli olacakt\u0131r. Ya\u011f art\u0131\u011f\u0131 gibi kirler ve su lekeleri mevcutsa bula\u015f\u0131k deterjan\u0131yla hafif\u00e7e k\u00f6p\u00fcrt\u00fclm\u00fc\u015f bir bezle de y\u00fczeyi silebilirsiniz.Bula\u015f\u0131k makinas\u0131nda y\u0131kamay\u0131n [&hellip;]<\/p>\n","protected":false},"featured_media":20299,"template":"","meta":[],"product_brand":[],"product_cat":[230],"product_tag":[4655],"class_list":{"0":"post-20298","1":"product","2":"type-product","3":"status-publish","4":"has-post-thumbnail","6":"product_cat-759img","7":"product_tag-759img100047","9":"first","10":"instock","11":"taxable","12":"shipping-taxable","13":"product-type-simple"},"_links":{"self":[{"href":"https:\/\/kervanmagazacilik.com\/index.php\/wp-json\/wp\/v2\/product\/20298","targetHints":{"allow":["GET"]}}],"collection":[{"href":"https:\/\/kervanmagazacilik.com\/index.php\/wp-json\/wp\/v2\/product"}],"about":[{"href":"https:\/\/kervanmagazacilik.com\/index.php\/wp-json\/wp\/v2\/types\/product"}],"wp:featuredmedia":[{"embeddable":true,"href":"https:\/\/kervanmagazacilik.com\/index.php\/wp-json\/wp\/v2\/media\/20299"}],"wp:attachment":[{"href":"https:\/\/kervanmagazacilik.com\/index.php\/wp-json\/wp\/v2\/media?parent=20298"}],"wp:term":[{"taxonomy":"product_brand","embeddable":true,"href":"https:\/\/kervanmagazacilik.com\/index.php\/wp-json\/wp\/v2\/product_brand?post=20298"},{"taxonomy":"product_cat","embeddable":true,"href":"https:\/\/kervanmagazacilik.com\/index.php\/wp-json\/wp\/v2\/product_cat?post=20298"},{"taxonomy":"product_tag","embeddable":true,"href":"https:\/\/kervanmagazacilik.com\/index.php\/wp-json\/wp\/v2\/product_tag?post=20298"}],"curies":[{"name":"wp","href":"https:\/\/api.w.org\/{rel}","templated":true}]}}