{"id":20270,"date":"2024-12-17T11:37:39","date_gmt":"2024-12-17T08:37:39","guid":{"rendered":"https:\/\/kervanmagazacilik.com\/?post_type=product&#038;p=20270"},"modified":"2024-12-17T11:37:39","modified_gmt":"2024-12-17T08:37:39","slug":"759img100031","status":"publish","type":"product","link":"https:\/\/kervanmagazacilik.com\/index.php\/urun\/759img100031\/","title":{"rendered":"759IMG100031"},"content":{"rendered":"<p>759IMG100031<\/p>\n<p>9065 SURAHI ALTIN 15x12x23cm<\/p>\n<p>Cam k\u0131s\u0131m elde y\u0131kanabilir.<\/p>\n<p>Prin\u00e7 kulp ve kapak i\u00e7in; zamanla kararmas\u0131n\u0131 engellemek i\u00e7in \u00fcst\u00fcne vernik at\u0131lm\u0131\u015ft\u0131r .Hem kaplaman\u0131n kalkmamas\u0131 hemde \u00fcr\u00fcnlerin \u00e7izilmemesi i\u00e7in yumu\u015fak bez ile ovu\u015fturmadan toz al\u0131nmas\u0131 gerekir .Y\u0131kanmak zorunda kal\u0131n\u0131r ise kimyasal i\u00e7ermeyen deterjan ile elde y\u0131kand\u0131ktan sonra \u00e7ok iyi kurulanmal\u0131d\u0131r \u0130yi kurulanmayan \u00fcr\u00fcnler zamanla oksitlenme yapabilir .<\/p>\n","protected":false},"excerpt":{"rendered":"<p>759IMG100031 9065 SURAHI ALTIN 15x12x23cm Cam k\u0131s\u0131m elde y\u0131kanabilir. Prin\u00e7 kulp ve kapak i\u00e7in; zamanla kararmas\u0131n\u0131 engellemek i\u00e7in \u00fcst\u00fcne vernik at\u0131lm\u0131\u015ft\u0131r .Hem kaplaman\u0131n kalkmamas\u0131 hemde \u00fcr\u00fcnlerin \u00e7izilmemesi i\u00e7in yumu\u015fak bez ile ovu\u015fturmadan toz al\u0131nmas\u0131 gerekir .Y\u0131kanmak zorunda kal\u0131n\u0131r ise kimyasal i\u00e7ermeyen deterjan ile elde y\u0131kand\u0131ktan sonra \u00e7ok iyi kurulanmal\u0131d\u0131r \u0130yi kurulanmayan \u00fcr\u00fcnler zamanla oksitlenme yapabilir [&hellip;]<\/p>\n","protected":false},"featured_media":20271,"template":"","meta":[],"product_brand":[],"product_cat":[230],"product_tag":[4647],"class_list":{"0":"post-20270","1":"product","2":"type-product","3":"status-publish","4":"has-post-thumbnail","6":"product_cat-759img","7":"product_tag-759img100031","9":"first","10":"instock","11":"taxable","12":"shipping-taxable","13":"product-type-simple"},"_links":{"self":[{"href":"https:\/\/kervanmagazacilik.com\/index.php\/wp-json\/wp\/v2\/product\/20270","targetHints":{"allow":["GET"]}}],"collection":[{"href":"https:\/\/kervanmagazacilik.com\/index.php\/wp-json\/wp\/v2\/product"}],"about":[{"href":"https:\/\/kervanmagazacilik.com\/index.php\/wp-json\/wp\/v2\/types\/product"}],"wp:featuredmedia":[{"embeddable":true,"href":"https:\/\/kervanmagazacilik.com\/index.php\/wp-json\/wp\/v2\/media\/20271"}],"wp:attachment":[{"href":"https:\/\/kervanmagazacilik.com\/index.php\/wp-json\/wp\/v2\/media?parent=20270"}],"wp:term":[{"taxonomy":"product_brand","embeddable":true,"href":"https:\/\/kervanmagazacilik.com\/index.php\/wp-json\/wp\/v2\/product_brand?post=20270"},{"taxonomy":"product_cat","embeddable":true,"href":"https:\/\/kervanmagazacilik.com\/index.php\/wp-json\/wp\/v2\/product_cat?post=20270"},{"taxonomy":"product_tag","embeddable":true,"href":"https:\/\/kervanmagazacilik.com\/index.php\/wp-json\/wp\/v2\/product_tag?post=20270"}],"curies":[{"name":"wp","href":"https:\/\/api.w.org\/{rel}","templated":true}]}}