{"id":20241,"date":"2024-12-16T14:08:36","date_gmt":"2024-12-16T11:08:36","guid":{"rendered":"https:\/\/kervanmagazacilik.com\/?post_type=product&#038;p=20241"},"modified":"2024-12-16T14:08:36","modified_gmt":"2024-12-16T11:08:36","slug":"611pjs000034","status":"publish","type":"product","link":"https:\/\/kervanmagazacilik.com\/index.php\/urun\/611pjs000034\/","title":{"rendered":"611PJS000034"},"content":{"rendered":"<p><strong>611PJS000034<\/strong><\/p>\n<p>PORTOF\u0130NO SANDALYE KOLLU 57x58x104cm<\/p>\n<p>MAUN A\u011eACI<\/p>\n<p>1. Tozu \/ lekeleri \u00e7\u0131karmak i\u00e7in ah\u015fap \u00e7er\u00e7eveyi kuru bir havlu kullanarak temizleyin.<br \/>\n2. D\u00f6\u015femeye toz girmesini \u00f6nlemek i\u00e7in kuma\u015f\u0131 elektrik s\u00fcp\u00fcrgesiyle temizleyin.<br \/>\n3. \u0130nat\u00e7\u0131 lekelere saf alkol veya \u00f6zel bir temizlik deterjan\u0131 uygulay\u0131n.<br \/>\nSonucu kontrol etmek i\u00e7in \u00f6nce g\u00f6ze \u00e7arpmayan k\u00fc\u00e7\u00fck bir alanda deneyin. Lekeleri \u00e7\u0131karmak i\u00e7in yumu\u015fak ve temiz bir havlu kullan\u0131n.<br \/>\n4. Lekelerin gitti\u011finden emin olmak i\u00e7in kurutun veya kurumaya b\u0131rak\u0131n.<br \/>\n5. Kuma\u015f\u0131 temizledikten sonra yumu\u015fak bir f\u0131r\u00e7a ile hafif\u00e7e f\u0131r\u00e7alay\u0131n. Bu, kuma\u015f\u0131n yumu\u015fakl\u0131\u011f\u0131n\u0131 geri kazanman\u0131za yard\u0131mc\u0131 olacakt\u0131r.<\/p>\n","protected":false},"excerpt":{"rendered":"<p>611PJS000034 PORTOF\u0130NO SANDALYE KOLLU 57x58x104cm MAUN A\u011eACI 1. Tozu \/ lekeleri \u00e7\u0131karmak i\u00e7in ah\u015fap \u00e7er\u00e7eveyi kuru bir havlu kullanarak temizleyin. 2. D\u00f6\u015femeye toz girmesini \u00f6nlemek i\u00e7in kuma\u015f\u0131 elektrik s\u00fcp\u00fcrgesiyle temizleyin. 3. \u0130nat\u00e7\u0131 lekelere saf alkol veya \u00f6zel bir temizlik deterjan\u0131 uygulay\u0131n. Sonucu kontrol etmek i\u00e7in \u00f6nce g\u00f6ze \u00e7arpmayan k\u00fc\u00e7\u00fck bir alanda deneyin. Lekeleri \u00e7\u0131karmak i\u00e7in [&hellip;]<\/p>\n","protected":false},"featured_media":20242,"template":"","meta":[],"product_brand":[],"product_cat":[1857],"product_tag":[4635],"class_list":{"0":"post-20241","1":"product","2":"type-product","3":"status-publish","4":"has-post-thumbnail","6":"product_cat-611pjs","7":"product_tag-611pjs000034","9":"first","10":"instock","11":"taxable","12":"shipping-taxable","13":"product-type-simple"},"_links":{"self":[{"href":"https:\/\/kervanmagazacilik.com\/index.php\/wp-json\/wp\/v2\/product\/20241","targetHints":{"allow":["GET"]}}],"collection":[{"href":"https:\/\/kervanmagazacilik.com\/index.php\/wp-json\/wp\/v2\/product"}],"about":[{"href":"https:\/\/kervanmagazacilik.com\/index.php\/wp-json\/wp\/v2\/types\/product"}],"wp:featuredmedia":[{"embeddable":true,"href":"https:\/\/kervanmagazacilik.com\/index.php\/wp-json\/wp\/v2\/media\/20242"}],"wp:attachment":[{"href":"https:\/\/kervanmagazacilik.com\/index.php\/wp-json\/wp\/v2\/media?parent=20241"}],"wp:term":[{"taxonomy":"product_brand","embeddable":true,"href":"https:\/\/kervanmagazacilik.com\/index.php\/wp-json\/wp\/v2\/product_brand?post=20241"},{"taxonomy":"product_cat","embeddable":true,"href":"https:\/\/kervanmagazacilik.com\/index.php\/wp-json\/wp\/v2\/product_cat?post=20241"},{"taxonomy":"product_tag","embeddable":true,"href":"https:\/\/kervanmagazacilik.com\/index.php\/wp-json\/wp\/v2\/product_tag?post=20241"}],"curies":[{"name":"wp","href":"https:\/\/api.w.org\/{rel}","templated":true}]}}