{"id":20082,"date":"2024-12-14T21:37:38","date_gmt":"2024-12-14T18:37:38","guid":{"rendered":"https:\/\/kervanmagazacilik.com\/?post_type=product&#038;p=20082"},"modified":"2024-12-14T21:37:38","modified_gmt":"2024-12-14T18:37:38","slug":"759ind900035-2","status":"publish","type":"product","link":"https:\/\/kervanmagazacilik.com\/index.php\/urun\/759ind900035-2\/","title":{"rendered":"759IND900035"},"content":{"rendered":"<p>759IND900035<\/p>\n<p>15320 DEKORATIF KASE 19x33cm<\/p>\n<p>Kuru bez ile toz al\u0131nmal\u0131d\u0131r.<\/p>\n","protected":false},"excerpt":{"rendered":"<p>759IND900035 15320 DEKORATIF KASE 19x33cm Kuru bez ile toz al\u0131nmal\u0131d\u0131r.<\/p>\n","protected":false},"featured_media":20084,"template":"","meta":[],"product_brand":[],"product_cat":[232],"product_tag":[4452],"class_list":{"0":"post-20082","1":"product","2":"type-product","3":"status-publish","4":"has-post-thumbnail","6":"product_cat-759ind","7":"product_tag-759ind900035","9":"first","10":"instock","11":"taxable","12":"shipping-taxable","13":"product-type-simple"},"_links":{"self":[{"href":"https:\/\/kervanmagazacilik.com\/index.php\/wp-json\/wp\/v2\/product\/20082","targetHints":{"allow":["GET"]}}],"collection":[{"href":"https:\/\/kervanmagazacilik.com\/index.php\/wp-json\/wp\/v2\/product"}],"about":[{"href":"https:\/\/kervanmagazacilik.com\/index.php\/wp-json\/wp\/v2\/types\/product"}],"wp:featuredmedia":[{"embeddable":true,"href":"https:\/\/kervanmagazacilik.com\/index.php\/wp-json\/wp\/v2\/media\/20084"}],"wp:attachment":[{"href":"https:\/\/kervanmagazacilik.com\/index.php\/wp-json\/wp\/v2\/media?parent=20082"}],"wp:term":[{"taxonomy":"product_brand","embeddable":true,"href":"https:\/\/kervanmagazacilik.com\/index.php\/wp-json\/wp\/v2\/product_brand?post=20082"},{"taxonomy":"product_cat","embeddable":true,"href":"https:\/\/kervanmagazacilik.com\/index.php\/wp-json\/wp\/v2\/product_cat?post=20082"},{"taxonomy":"product_tag","embeddable":true,"href":"https:\/\/kervanmagazacilik.com\/index.php\/wp-json\/wp\/v2\/product_tag?post=20082"}],"curies":[{"name":"wp","href":"https:\/\/api.w.org\/{rel}","templated":true}]}}