{"id":20062,"date":"2024-12-14T21:15:35","date_gmt":"2024-12-14T18:15:35","guid":{"rendered":"https:\/\/kervanmagazacilik.com\/?post_type=product&#038;p=20062"},"modified":"2024-12-14T21:15:35","modified_gmt":"2024-12-14T18:15:35","slug":"759ind900001","status":"publish","type":"product","link":"https:\/\/kervanmagazacilik.com\/index.php\/urun\/759ind900001\/","title":{"rendered":"759IND900001"},"content":{"rendered":"<p>759IND900001<\/p>\n<p>49336 DEKORATIF TEPSI SAMPANYA 25cm 759IND9<\/p>\n<p>Kuru bez ile toz al\u0131nmal\u0131d\u0131r, su ile temas etti\u011finde iyice kurulanmal\u0131d\u0131r.<\/p>\n","protected":false},"excerpt":{"rendered":"<p>759IND900001 49336 DEKORATIF TEPSI SAMPANYA 25cm 759IND9 Kuru bez ile toz al\u0131nmal\u0131d\u0131r, su ile temas etti\u011finde iyice kurulanmal\u0131d\u0131r.<\/p>\n","protected":false},"featured_media":20063,"template":"","meta":[],"product_brand":[],"product_cat":[232],"product_tag":[4576],"class_list":{"0":"post-20062","1":"product","2":"type-product","3":"status-publish","4":"has-post-thumbnail","6":"product_cat-759ind","7":"product_tag-759ind900001","9":"first","10":"instock","11":"taxable","12":"shipping-taxable","13":"product-type-simple"},"_links":{"self":[{"href":"https:\/\/kervanmagazacilik.com\/index.php\/wp-json\/wp\/v2\/product\/20062","targetHints":{"allow":["GET"]}}],"collection":[{"href":"https:\/\/kervanmagazacilik.com\/index.php\/wp-json\/wp\/v2\/product"}],"about":[{"href":"https:\/\/kervanmagazacilik.com\/index.php\/wp-json\/wp\/v2\/types\/product"}],"wp:featuredmedia":[{"embeddable":true,"href":"https:\/\/kervanmagazacilik.com\/index.php\/wp-json\/wp\/v2\/media\/20063"}],"wp:attachment":[{"href":"https:\/\/kervanmagazacilik.com\/index.php\/wp-json\/wp\/v2\/media?parent=20062"}],"wp:term":[{"taxonomy":"product_brand","embeddable":true,"href":"https:\/\/kervanmagazacilik.com\/index.php\/wp-json\/wp\/v2\/product_brand?post=20062"},{"taxonomy":"product_cat","embeddable":true,"href":"https:\/\/kervanmagazacilik.com\/index.php\/wp-json\/wp\/v2\/product_cat?post=20062"},{"taxonomy":"product_tag","embeddable":true,"href":"https:\/\/kervanmagazacilik.com\/index.php\/wp-json\/wp\/v2\/product_tag?post=20062"}],"curies":[{"name":"wp","href":"https:\/\/api.w.org\/{rel}","templated":true}]}}