{"id":19934,"date":"2024-12-13T17:53:20","date_gmt":"2024-12-13T14:53:20","guid":{"rendered":"https:\/\/kervanmagazacilik.com\/?post_type=product&#038;p=19934"},"modified":"2024-12-13T17:53:20","modified_gmt":"2024-12-13T14:53:20","slug":"611pnc000026","status":"publish","type":"product","link":"https:\/\/kervanmagazacilik.com\/index.php\/urun\/611pnc000026\/","title":{"rendered":"611PNC000026"},"content":{"rendered":"<p>611PNC000026<\/p>\n<p>BAR SANDALYES\u0130 55,5&#215;52,5x102cm 3601.BDP<\/p>\n<p>\u0131l\u0131k su veya mobilya temizleyicisi ile yumu\u015fak bir bez ile silinip , kurulay\u0131n\u0131z<\/p>\n<p>Maun Ah\u015fap, Rattan, Kuma\u015f : %42 Polyester, %29 Keten, %29 Pamuk<\/p>\n","protected":false},"excerpt":{"rendered":"<p>611PNC000026 BAR SANDALYES\u0130 55,5&#215;52,5x102cm 3601.BDP \u0131l\u0131k su veya mobilya temizleyicisi ile yumu\u015fak bir bez ile silinip , kurulay\u0131n\u0131z Maun Ah\u015fap, Rattan, Kuma\u015f : %42 Polyester, %29 Keten, %29 Pamuk<\/p>\n","protected":false},"featured_media":19935,"template":"","meta":[],"product_brand":[],"product_cat":[1139],"product_tag":[4553],"class_list":{"0":"post-19934","1":"product","2":"type-product","3":"status-publish","4":"has-post-thumbnail","6":"product_cat-611pnc","7":"product_tag-611pnc000026","9":"first","10":"instock","11":"taxable","12":"shipping-taxable","13":"product-type-simple"},"_links":{"self":[{"href":"https:\/\/kervanmagazacilik.com\/index.php\/wp-json\/wp\/v2\/product\/19934","targetHints":{"allow":["GET"]}}],"collection":[{"href":"https:\/\/kervanmagazacilik.com\/index.php\/wp-json\/wp\/v2\/product"}],"about":[{"href":"https:\/\/kervanmagazacilik.com\/index.php\/wp-json\/wp\/v2\/types\/product"}],"wp:featuredmedia":[{"embeddable":true,"href":"https:\/\/kervanmagazacilik.com\/index.php\/wp-json\/wp\/v2\/media\/19935"}],"wp:attachment":[{"href":"https:\/\/kervanmagazacilik.com\/index.php\/wp-json\/wp\/v2\/media?parent=19934"}],"wp:term":[{"taxonomy":"product_brand","embeddable":true,"href":"https:\/\/kervanmagazacilik.com\/index.php\/wp-json\/wp\/v2\/product_brand?post=19934"},{"taxonomy":"product_cat","embeddable":true,"href":"https:\/\/kervanmagazacilik.com\/index.php\/wp-json\/wp\/v2\/product_cat?post=19934"},{"taxonomy":"product_tag","embeddable":true,"href":"https:\/\/kervanmagazacilik.com\/index.php\/wp-json\/wp\/v2\/product_tag?post=19934"}],"curies":[{"name":"wp","href":"https:\/\/api.w.org\/{rel}","templated":true}]}}