{"id":19926,"date":"2024-12-13T17:47:42","date_gmt":"2024-12-13T14:47:42","guid":{"rendered":"https:\/\/kervanmagazacilik.com\/?post_type=product&#038;p=19926"},"modified":"2024-12-13T17:47:43","modified_gmt":"2024-12-13T14:47:43","slug":"611pnc000024","status":"publish","type":"product","link":"https:\/\/kervanmagazacilik.com\/index.php\/urun\/611pnc000024\/","title":{"rendered":"611PNC000024"},"content":{"rendered":"<p>611PNC000024<\/p>\n<p>KOLLU SANDALYE 58x62x95cm 3601.SGW<\/p>\n<p>\u0131l\u0131k su veya mobilya temizleyicisi ile yumu\u015fak bir bez ile silinip , kurulay\u0131n\u0131z<\/p>\n<p>Maun Ah\u015fap, Rattan, Kuma\u015f : %42 Polyester, %29 Keten, %29 Pamuk<\/p>\n","protected":false},"excerpt":{"rendered":"<p>611PNC000024 KOLLU SANDALYE 58x62x95cm 3601.SGW \u0131l\u0131k su veya mobilya temizleyicisi ile yumu\u015fak bir bez ile silinip , kurulay\u0131n\u0131z Maun Ah\u015fap, Rattan, Kuma\u015f : %42 Polyester, %29 Keten, %29 Pamuk<\/p>\n","protected":false},"featured_media":19927,"template":"","meta":[],"product_brand":[],"product_cat":[1139],"product_tag":[4551],"class_list":{"0":"post-19926","1":"product","2":"type-product","3":"status-publish","4":"has-post-thumbnail","6":"product_cat-611pnc","7":"product_tag-611pnc000024","9":"first","10":"instock","11":"taxable","12":"shipping-taxable","13":"product-type-simple"},"_links":{"self":[{"href":"https:\/\/kervanmagazacilik.com\/index.php\/wp-json\/wp\/v2\/product\/19926","targetHints":{"allow":["GET"]}}],"collection":[{"href":"https:\/\/kervanmagazacilik.com\/index.php\/wp-json\/wp\/v2\/product"}],"about":[{"href":"https:\/\/kervanmagazacilik.com\/index.php\/wp-json\/wp\/v2\/types\/product"}],"wp:featuredmedia":[{"embeddable":true,"href":"https:\/\/kervanmagazacilik.com\/index.php\/wp-json\/wp\/v2\/media\/19927"}],"wp:attachment":[{"href":"https:\/\/kervanmagazacilik.com\/index.php\/wp-json\/wp\/v2\/media?parent=19926"}],"wp:term":[{"taxonomy":"product_brand","embeddable":true,"href":"https:\/\/kervanmagazacilik.com\/index.php\/wp-json\/wp\/v2\/product_brand?post=19926"},{"taxonomy":"product_cat","embeddable":true,"href":"https:\/\/kervanmagazacilik.com\/index.php\/wp-json\/wp\/v2\/product_cat?post=19926"},{"taxonomy":"product_tag","embeddable":true,"href":"https:\/\/kervanmagazacilik.com\/index.php\/wp-json\/wp\/v2\/product_tag?post=19926"}],"curies":[{"name":"wp","href":"https:\/\/api.w.org\/{rel}","templated":true}]}}