{"id":19886,"date":"2024-12-13T17:14:58","date_gmt":"2024-12-13T14:14:58","guid":{"rendered":"https:\/\/kervanmagazacilik.com\/?post_type=product&#038;p=19886"},"modified":"2024-12-13T17:14:58","modified_gmt":"2024-12-13T14:14:58","slug":"759arp000183","status":"publish","type":"product","link":"https:\/\/kervanmagazacilik.com\/index.php\/urun\/759arp000183\/","title":{"rendered":"759ARP000183"},"content":{"rendered":"<p>759ARP000183<\/p>\n<p>TEPS\u0130L\u0130 DEV TAV\u015eAN GOLD-KREM 50x124cm HYK957<\/p>\n<p>POLYESTER<\/p>\n<p>\u00d6l\u00e7\u00fcler +\/- 5 cm de\u011fi\u015fkenlik g\u00f6sterebilir<\/p>\n<p>KURU BEZ \u0130LE TOZ ALINMALIDIR<\/p>\n","protected":false},"excerpt":{"rendered":"<p>759ARP000183 TEPS\u0130L\u0130 DEV TAV\u015eAN GOLD-KREM 50x124cm HYK957 POLYESTER \u00d6l\u00e7\u00fcler +\/- 5 cm de\u011fi\u015fkenlik g\u00f6sterebilir KURU BEZ \u0130LE TOZ ALINMALIDIR<\/p>\n","protected":false},"featured_media":19888,"template":"","meta":[],"product_brand":[],"product_cat":[206],"product_tag":[4546],"class_list":{"0":"post-19886","1":"product","2":"type-product","3":"status-publish","4":"has-post-thumbnail","6":"product_cat-759arp","7":"product_tag-759arp000183","9":"first","10":"instock","11":"taxable","12":"shipping-taxable","13":"product-type-simple"},"_links":{"self":[{"href":"https:\/\/kervanmagazacilik.com\/index.php\/wp-json\/wp\/v2\/product\/19886","targetHints":{"allow":["GET"]}}],"collection":[{"href":"https:\/\/kervanmagazacilik.com\/index.php\/wp-json\/wp\/v2\/product"}],"about":[{"href":"https:\/\/kervanmagazacilik.com\/index.php\/wp-json\/wp\/v2\/types\/product"}],"wp:featuredmedia":[{"embeddable":true,"href":"https:\/\/kervanmagazacilik.com\/index.php\/wp-json\/wp\/v2\/media\/19888"}],"wp:attachment":[{"href":"https:\/\/kervanmagazacilik.com\/index.php\/wp-json\/wp\/v2\/media?parent=19886"}],"wp:term":[{"taxonomy":"product_brand","embeddable":true,"href":"https:\/\/kervanmagazacilik.com\/index.php\/wp-json\/wp\/v2\/product_brand?post=19886"},{"taxonomy":"product_cat","embeddable":true,"href":"https:\/\/kervanmagazacilik.com\/index.php\/wp-json\/wp\/v2\/product_cat?post=19886"},{"taxonomy":"product_tag","embeddable":true,"href":"https:\/\/kervanmagazacilik.com\/index.php\/wp-json\/wp\/v2\/product_tag?post=19886"}],"curies":[{"name":"wp","href":"https:\/\/api.w.org\/{rel}","templated":true}]}}