{"id":19884,"date":"2024-12-13T17:21:53","date_gmt":"2024-12-13T14:21:53","guid":{"rendered":"https:\/\/kervanmagazacilik.com\/?post_type=product&#038;p=19884"},"modified":"2024-12-13T17:21:54","modified_gmt":"2024-12-13T14:21:54","slug":"611pnc000021","status":"publish","type":"product","link":"https:\/\/kervanmagazacilik.com\/index.php\/urun\/611pnc000021\/","title":{"rendered":"611PNC000021"},"content":{"rendered":"<p>611PNC000021<\/p>\n<p>ORTA SEHPA 55x55x56cm 100CT.NW<\/p>\n<p>\u0131l\u0131k su veya mobilya temizleyicisi ile yumu\u015fak bir bez ile silinip , kurulay\u0131n\u0131z<\/p>\n<p>soyma ve rattan kuma\u015f<\/p>\n","protected":false},"excerpt":{"rendered":"<p>611PNC000021 ORTA SEHPA 55x55x56cm 100CT.NW \u0131l\u0131k su veya mobilya temizleyicisi ile yumu\u015fak bir bez ile silinip , kurulay\u0131n\u0131z soyma ve rattan kuma\u015f<\/p>\n","protected":false},"featured_media":19896,"template":"","meta":[],"product_brand":[],"product_cat":[1139],"product_tag":[4547],"class_list":{"0":"post-19884","1":"product","2":"type-product","3":"status-publish","4":"has-post-thumbnail","6":"product_cat-611pnc","7":"product_tag-611pnc000021","9":"first","10":"instock","11":"taxable","12":"shipping-taxable","13":"product-type-simple"},"_links":{"self":[{"href":"https:\/\/kervanmagazacilik.com\/index.php\/wp-json\/wp\/v2\/product\/19884","targetHints":{"allow":["GET"]}}],"collection":[{"href":"https:\/\/kervanmagazacilik.com\/index.php\/wp-json\/wp\/v2\/product"}],"about":[{"href":"https:\/\/kervanmagazacilik.com\/index.php\/wp-json\/wp\/v2\/types\/product"}],"wp:featuredmedia":[{"embeddable":true,"href":"https:\/\/kervanmagazacilik.com\/index.php\/wp-json\/wp\/v2\/media\/19896"}],"wp:attachment":[{"href":"https:\/\/kervanmagazacilik.com\/index.php\/wp-json\/wp\/v2\/media?parent=19884"}],"wp:term":[{"taxonomy":"product_brand","embeddable":true,"href":"https:\/\/kervanmagazacilik.com\/index.php\/wp-json\/wp\/v2\/product_brand?post=19884"},{"taxonomy":"product_cat","embeddable":true,"href":"https:\/\/kervanmagazacilik.com\/index.php\/wp-json\/wp\/v2\/product_cat?post=19884"},{"taxonomy":"product_tag","embeddable":true,"href":"https:\/\/kervanmagazacilik.com\/index.php\/wp-json\/wp\/v2\/product_tag?post=19884"}],"curies":[{"name":"wp","href":"https:\/\/api.w.org\/{rel}","templated":true}]}}