{"id":19800,"date":"2024-12-13T12:09:31","date_gmt":"2024-12-13T09:09:31","guid":{"rendered":"https:\/\/kervanmagazacilik.com\/?post_type=product&#038;p=19800"},"modified":"2024-12-13T12:09:34","modified_gmt":"2024-12-13T09:09:34","slug":"611rm0000015","status":"publish","type":"product","link":"https:\/\/kervanmagazacilik.com\/index.php\/urun\/611rm0000015\/","title":{"rendered":"611RM0000015"},"content":{"rendered":"<p>611RM0000015<\/p>\n<p>SA\u011e K\u00d6\u015eE DER\u0130 KOLTUK KAHVE 160x323x83cm RS636 RH-C ( 2 PCS )<\/p>\n<p>BUFOLO DER\u0130-K\u00f6p\u00fck-Hu\u015f A\u011fac\u0131<\/p>\n<p>Deri Balmumu<\/p>\n<p>Kuru bir bez yard\u0131m\u0131yla temizlenmeli ve dayan\u0131kl\u0131l\u0131k i\u00e7in deri koruyucu vax ile belirli aral\u0131klarda bak\u0131m yap\u0131lmal\u0131d\u0131r.<\/p>\n","protected":false},"excerpt":{"rendered":"<p>611RM0000015 SA\u011e K\u00d6\u015eE DER\u0130 KOLTUK KAHVE 160x323x83cm RS636 RH-C ( 2 PCS ) BUFOLO DER\u0130-K\u00f6p\u00fck-Hu\u015f A\u011fac\u0131 Deri Balmumu Kuru bir bez yard\u0131m\u0131yla temizlenmeli ve dayan\u0131kl\u0131l\u0131k i\u00e7in deri koruyucu vax ile belirli aral\u0131klarda bak\u0131m yap\u0131lmal\u0131d\u0131r.<\/p>\n","protected":false},"featured_media":19802,"template":"","meta":[],"product_brand":[],"product_cat":[3004],"product_tag":[4529],"class_list":{"0":"post-19800","1":"product","2":"type-product","3":"status-publish","4":"has-post-thumbnail","6":"product_cat-611rm","7":"product_tag-611rm0000015","9":"first","10":"instock","11":"taxable","12":"shipping-taxable","13":"product-type-simple"},"_links":{"self":[{"href":"https:\/\/kervanmagazacilik.com\/index.php\/wp-json\/wp\/v2\/product\/19800","targetHints":{"allow":["GET"]}}],"collection":[{"href":"https:\/\/kervanmagazacilik.com\/index.php\/wp-json\/wp\/v2\/product"}],"about":[{"href":"https:\/\/kervanmagazacilik.com\/index.php\/wp-json\/wp\/v2\/types\/product"}],"wp:featuredmedia":[{"embeddable":true,"href":"https:\/\/kervanmagazacilik.com\/index.php\/wp-json\/wp\/v2\/media\/19802"}],"wp:attachment":[{"href":"https:\/\/kervanmagazacilik.com\/index.php\/wp-json\/wp\/v2\/media?parent=19800"}],"wp:term":[{"taxonomy":"product_brand","embeddable":true,"href":"https:\/\/kervanmagazacilik.com\/index.php\/wp-json\/wp\/v2\/product_brand?post=19800"},{"taxonomy":"product_cat","embeddable":true,"href":"https:\/\/kervanmagazacilik.com\/index.php\/wp-json\/wp\/v2\/product_cat?post=19800"},{"taxonomy":"product_tag","embeddable":true,"href":"https:\/\/kervanmagazacilik.com\/index.php\/wp-json\/wp\/v2\/product_tag?post=19800"}],"curies":[{"name":"wp","href":"https:\/\/api.w.org\/{rel}","templated":true}]}}