{"id":19641,"date":"2024-12-13T09:27:44","date_gmt":"2024-12-13T06:27:44","guid":{"rendered":"https:\/\/kervanmagazacilik.com\/?post_type=product&#038;p=19641"},"modified":"2024-12-16T08:26:35","modified_gmt":"2024-12-16T05:26:35","slug":"072aya000011","status":"publish","type":"product","link":"https:\/\/kervanmagazacilik.com\/index.php\/urun\/072aya000011\/","title":{"rendered":"072AYA000011"},"content":{"rendered":"<p>072AYA000011<\/p>\n<p>EIC-1459 KIRLENT 45x45cm<\/p>\n<p>ANA MALZEME : POLYESTER- KETEN<br \/>\n%45 POLYESTER, %30 KETEN , %15 L\u0130YOSEL,%10 V\u0130SKON<br \/>\n\u00dcr\u00fcn yanl\u0131zca kuru temizlemeye uygundur.<\/p>\n","protected":false},"excerpt":{"rendered":"<p>072AYA000011 EIC-1459 KIRLENT 45x45cm ANA MALZEME : POLYESTER- KETEN %45 POLYESTER, %30 KETEN , %15 L\u0130YOSEL,%10 V\u0130SKON \u00dcr\u00fcn yanl\u0131zca kuru temizlemeye uygundur.<\/p>\n","protected":false},"featured_media":19642,"template":"","meta":[],"product_brand":[],"product_cat":[4480],"product_tag":[4489],"class_list":{"0":"post-19641","1":"product","2":"type-product","3":"status-publish","4":"has-post-thumbnail","6":"product_cat-072aya","7":"product_tag-072aya000011","9":"first","10":"instock","11":"taxable","12":"shipping-taxable","13":"product-type-simple"},"_links":{"self":[{"href":"https:\/\/kervanmagazacilik.com\/index.php\/wp-json\/wp\/v2\/product\/19641","targetHints":{"allow":["GET"]}}],"collection":[{"href":"https:\/\/kervanmagazacilik.com\/index.php\/wp-json\/wp\/v2\/product"}],"about":[{"href":"https:\/\/kervanmagazacilik.com\/index.php\/wp-json\/wp\/v2\/types\/product"}],"wp:featuredmedia":[{"embeddable":true,"href":"https:\/\/kervanmagazacilik.com\/index.php\/wp-json\/wp\/v2\/media\/19642"}],"wp:attachment":[{"href":"https:\/\/kervanmagazacilik.com\/index.php\/wp-json\/wp\/v2\/media?parent=19641"}],"wp:term":[{"taxonomy":"product_brand","embeddable":true,"href":"https:\/\/kervanmagazacilik.com\/index.php\/wp-json\/wp\/v2\/product_brand?post=19641"},{"taxonomy":"product_cat","embeddable":true,"href":"https:\/\/kervanmagazacilik.com\/index.php\/wp-json\/wp\/v2\/product_cat?post=19641"},{"taxonomy":"product_tag","embeddable":true,"href":"https:\/\/kervanmagazacilik.com\/index.php\/wp-json\/wp\/v2\/product_tag?post=19641"}],"curies":[{"name":"wp","href":"https:\/\/api.w.org\/{rel}","templated":true}]}}