{"id":19618,"date":"2024-12-13T09:17:01","date_gmt":"2024-12-13T06:17:01","guid":{"rendered":"https:\/\/kervanmagazacilik.com\/?post_type=product&#038;p=19618"},"modified":"2025-01-08T17:43:54","modified_gmt":"2025-01-08T14:43:54","slug":"072aya000006","status":"publish","type":"product","link":"https:\/\/kervanmagazacilik.com\/index.php\/urun\/072aya000006\/","title":{"rendered":"072AYA000006"},"content":{"rendered":"<p>072AYA000006<\/p>\n<p>EIC-931 KIRLENT 45x45cm<\/p>\n<p>ANA MALZEME : POLYESTER- KETEN<br \/>\n%45 POLYESTER, %30 KETEN , %15 L\u0130YOSEL,%10 V\u0130SKON<br \/>\n\u00dcr\u00fcn yanl\u0131zca kuru temizlemeye uygundur.<\/p>\n","protected":false},"excerpt":{"rendered":"<p>072AYA000006 EIC-931 KIRLENT 45x45cm ANA MALZEME : POLYESTER- KETEN %45 POLYESTER, %30 KETEN , %15 L\u0130YOSEL,%10 V\u0130SKON \u00dcr\u00fcn yanl\u0131zca kuru temizlemeye uygundur.<\/p>\n","protected":false},"featured_media":19619,"template":"","meta":[],"product_brand":[],"product_cat":[4480],"product_tag":[4485],"class_list":{"0":"post-19618","1":"product","2":"type-product","3":"status-publish","4":"has-post-thumbnail","6":"product_cat-072aya","7":"product_tag-072aya000006","9":"first","10":"instock","11":"taxable","12":"shipping-taxable","13":"product-type-simple"},"_links":{"self":[{"href":"https:\/\/kervanmagazacilik.com\/index.php\/wp-json\/wp\/v2\/product\/19618","targetHints":{"allow":["GET"]}}],"collection":[{"href":"https:\/\/kervanmagazacilik.com\/index.php\/wp-json\/wp\/v2\/product"}],"about":[{"href":"https:\/\/kervanmagazacilik.com\/index.php\/wp-json\/wp\/v2\/types\/product"}],"wp:featuredmedia":[{"embeddable":true,"href":"https:\/\/kervanmagazacilik.com\/index.php\/wp-json\/wp\/v2\/media\/19619"}],"wp:attachment":[{"href":"https:\/\/kervanmagazacilik.com\/index.php\/wp-json\/wp\/v2\/media?parent=19618"}],"wp:term":[{"taxonomy":"product_brand","embeddable":true,"href":"https:\/\/kervanmagazacilik.com\/index.php\/wp-json\/wp\/v2\/product_brand?post=19618"},{"taxonomy":"product_cat","embeddable":true,"href":"https:\/\/kervanmagazacilik.com\/index.php\/wp-json\/wp\/v2\/product_cat?post=19618"},{"taxonomy":"product_tag","embeddable":true,"href":"https:\/\/kervanmagazacilik.com\/index.php\/wp-json\/wp\/v2\/product_tag?post=19618"}],"curies":[{"name":"wp","href":"https:\/\/api.w.org\/{rel}","templated":true}]}}