{"id":19476,"date":"2024-12-12T22:46:22","date_gmt":"2024-12-12T19:46:22","guid":{"rendered":"https:\/\/kervanmagazacilik.com\/?post_type=product&#038;p=19476"},"modified":"2024-12-12T22:46:22","modified_gmt":"2024-12-12T19:46:22","slug":"759kgt000061","status":"publish","type":"product","link":"https:\/\/kervanmagazacilik.com\/index.php\/urun\/759kgt000061\/","title":{"rendered":"759KGT000061"},"content":{"rendered":"<p>759KGT000061<\/p>\n<p>KSH-FB1021-207-18 KITAP KUTU 24x16x5cm<\/p>\n<p>Kuru bez ile toz al\u0131nmal\u0131d\u0131r.<\/p>\n","protected":false},"excerpt":{"rendered":"<p>759KGT000061 KSH-FB1021-207-18 KITAP KUTU 24x16x5cm Kuru bez ile toz al\u0131nmal\u0131d\u0131r.<\/p>\n","protected":false},"featured_media":19477,"template":"","meta":[],"product_brand":[],"product_cat":[238],"product_tag":[4457],"class_list":{"0":"post-19476","1":"product","2":"type-product","3":"status-publish","4":"has-post-thumbnail","6":"product_cat-759kgt","7":"product_tag-759kgt000061","9":"first","10":"instock","11":"taxable","12":"shipping-taxable","13":"product-type-simple"},"_links":{"self":[{"href":"https:\/\/kervanmagazacilik.com\/index.php\/wp-json\/wp\/v2\/product\/19476","targetHints":{"allow":["GET"]}}],"collection":[{"href":"https:\/\/kervanmagazacilik.com\/index.php\/wp-json\/wp\/v2\/product"}],"about":[{"href":"https:\/\/kervanmagazacilik.com\/index.php\/wp-json\/wp\/v2\/types\/product"}],"wp:featuredmedia":[{"embeddable":true,"href":"https:\/\/kervanmagazacilik.com\/index.php\/wp-json\/wp\/v2\/media\/19477"}],"wp:attachment":[{"href":"https:\/\/kervanmagazacilik.com\/index.php\/wp-json\/wp\/v2\/media?parent=19476"}],"wp:term":[{"taxonomy":"product_brand","embeddable":true,"href":"https:\/\/kervanmagazacilik.com\/index.php\/wp-json\/wp\/v2\/product_brand?post=19476"},{"taxonomy":"product_cat","embeddable":true,"href":"https:\/\/kervanmagazacilik.com\/index.php\/wp-json\/wp\/v2\/product_cat?post=19476"},{"taxonomy":"product_tag","embeddable":true,"href":"https:\/\/kervanmagazacilik.com\/index.php\/wp-json\/wp\/v2\/product_tag?post=19476"}],"curies":[{"name":"wp","href":"https:\/\/api.w.org\/{rel}","templated":true}]}}