{"id":19463,"date":"2024-12-12T22:21:22","date_gmt":"2024-12-12T19:21:22","guid":{"rendered":"https:\/\/kervanmagazacilik.com\/?post_type=product&#038;p=19463"},"modified":"2024-12-12T22:21:23","modified_gmt":"2024-12-12T19:21:23","slug":"759ind900051","status":"publish","type":"product","link":"https:\/\/kervanmagazacilik.com\/index.php\/urun\/759ind900051\/","title":{"rendered":"759IND900051"},"content":{"rendered":"<p>759IND900051<\/p>\n<p>22659 MUMLUK 45x16cm<\/p>\n<p>Kuru bez ile toz al\u0131nmal\u0131d\u0131r.<\/p>\n","protected":false},"excerpt":{"rendered":"<p>759IND900051 22659 MUMLUK 45x16cm Kuru bez ile toz al\u0131nmal\u0131d\u0131r.<\/p>\n","protected":false},"featured_media":19464,"template":"","meta":[],"product_brand":[],"product_cat":[232],"product_tag":[4454],"class_list":{"0":"post-19463","1":"product","2":"type-product","3":"status-publish","4":"has-post-thumbnail","6":"product_cat-759ind","7":"product_tag-759ind900051","9":"first","10":"instock","11":"taxable","12":"shipping-taxable","13":"product-type-simple"},"_links":{"self":[{"href":"https:\/\/kervanmagazacilik.com\/index.php\/wp-json\/wp\/v2\/product\/19463","targetHints":{"allow":["GET"]}}],"collection":[{"href":"https:\/\/kervanmagazacilik.com\/index.php\/wp-json\/wp\/v2\/product"}],"about":[{"href":"https:\/\/kervanmagazacilik.com\/index.php\/wp-json\/wp\/v2\/types\/product"}],"wp:featuredmedia":[{"embeddable":true,"href":"https:\/\/kervanmagazacilik.com\/index.php\/wp-json\/wp\/v2\/media\/19464"}],"wp:attachment":[{"href":"https:\/\/kervanmagazacilik.com\/index.php\/wp-json\/wp\/v2\/media?parent=19463"}],"wp:term":[{"taxonomy":"product_brand","embeddable":true,"href":"https:\/\/kervanmagazacilik.com\/index.php\/wp-json\/wp\/v2\/product_brand?post=19463"},{"taxonomy":"product_cat","embeddable":true,"href":"https:\/\/kervanmagazacilik.com\/index.php\/wp-json\/wp\/v2\/product_cat?post=19463"},{"taxonomy":"product_tag","embeddable":true,"href":"https:\/\/kervanmagazacilik.com\/index.php\/wp-json\/wp\/v2\/product_tag?post=19463"}],"curies":[{"name":"wp","href":"https:\/\/api.w.org\/{rel}","templated":true}]}}