{"id":19420,"date":"2024-12-12T15:05:40","date_gmt":"2024-12-12T12:05:40","guid":{"rendered":"https:\/\/kervanmagazacilik.com\/?post_type=product&#038;p=19420"},"modified":"2024-12-12T15:05:41","modified_gmt":"2024-12-12T12:05:41","slug":"759dsg000042","status":"publish","type":"product","link":"https:\/\/kervanmagazacilik.com\/index.php\/urun\/759dsg000042\/","title":{"rendered":"759DSG000042"},"content":{"rendered":"<p>759DSG000042<\/p>\n<p>DEKORAT\u0130F ESK\u0130 Y\u0130NG YANG HEYKEL KREM 40x30x10cm<\/p>\n<p>&nbsp;<\/p>\n","protected":false},"excerpt":{"rendered":"<p>759DSG000042 DEKORAT\u0130F ESK\u0130 Y\u0130NG YANG HEYKEL KREM 40x30x10cm &nbsp;<\/p>\n","protected":false},"featured_media":19421,"template":"","meta":[],"product_brand":[],"product_cat":[164],"product_tag":[4446],"class_list":{"0":"post-19420","1":"product","2":"type-product","3":"status-publish","4":"has-post-thumbnail","6":"product_cat-150hsh","7":"product_tag-759dsg000042","9":"first","10":"instock","11":"taxable","12":"shipping-taxable","13":"product-type-simple"},"_links":{"self":[{"href":"https:\/\/kervanmagazacilik.com\/index.php\/wp-json\/wp\/v2\/product\/19420","targetHints":{"allow":["GET"]}}],"collection":[{"href":"https:\/\/kervanmagazacilik.com\/index.php\/wp-json\/wp\/v2\/product"}],"about":[{"href":"https:\/\/kervanmagazacilik.com\/index.php\/wp-json\/wp\/v2\/types\/product"}],"wp:featuredmedia":[{"embeddable":true,"href":"https:\/\/kervanmagazacilik.com\/index.php\/wp-json\/wp\/v2\/media\/19421"}],"wp:attachment":[{"href":"https:\/\/kervanmagazacilik.com\/index.php\/wp-json\/wp\/v2\/media?parent=19420"}],"wp:term":[{"taxonomy":"product_brand","embeddable":true,"href":"https:\/\/kervanmagazacilik.com\/index.php\/wp-json\/wp\/v2\/product_brand?post=19420"},{"taxonomy":"product_cat","embeddable":true,"href":"https:\/\/kervanmagazacilik.com\/index.php\/wp-json\/wp\/v2\/product_cat?post=19420"},{"taxonomy":"product_tag","embeddable":true,"href":"https:\/\/kervanmagazacilik.com\/index.php\/wp-json\/wp\/v2\/product_tag?post=19420"}],"curies":[{"name":"wp","href":"https:\/\/api.w.org\/{rel}","templated":true}]}}