{"id":19417,"date":"2024-12-12T15:02:38","date_gmt":"2024-12-12T12:02:38","guid":{"rendered":"https:\/\/kervanmagazacilik.com\/?post_type=product&#038;p=19417"},"modified":"2024-12-12T15:02:39","modified_gmt":"2024-12-12T12:02:39","slug":"150hsh000975","status":"publish","type":"product","link":"https:\/\/kervanmagazacilik.com\/index.php\/urun\/150hsh000975\/","title":{"rendered":"150HSH000975"},"content":{"rendered":"<p>150HSH000975<\/p>\n<p>RANY MUMLUK 14X29 CM KIRMIZI<\/p>\n<p>&nbsp;<\/p>\n<p>MALZEME: Plastik+<br \/>\n\u00d6l\u00e7\u00fcler +\/- 5 cm de\u011fi\u015fkenlik g\u00f6sterebilir<br \/>\nHafif nemli bezle silinebilir<\/p>\n","protected":false},"excerpt":{"rendered":"<p>150HSH000975 RANY MUMLUK 14X29 CM KIRMIZI &nbsp; MALZEME: Plastik+ \u00d6l\u00e7\u00fcler +\/- 5 cm de\u011fi\u015fkenlik g\u00f6sterebilir Hafif nemli bezle silinebilir<\/p>\n","protected":false},"featured_media":19418,"template":"","meta":[],"product_brand":[],"product_cat":[164],"product_tag":[4445],"class_list":{"0":"post-19417","1":"product","2":"type-product","3":"status-publish","4":"has-post-thumbnail","6":"product_cat-150hsh","7":"product_tag-150hsh000975","9":"first","10":"instock","11":"taxable","12":"shipping-taxable","13":"product-type-simple"},"_links":{"self":[{"href":"https:\/\/kervanmagazacilik.com\/index.php\/wp-json\/wp\/v2\/product\/19417","targetHints":{"allow":["GET"]}}],"collection":[{"href":"https:\/\/kervanmagazacilik.com\/index.php\/wp-json\/wp\/v2\/product"}],"about":[{"href":"https:\/\/kervanmagazacilik.com\/index.php\/wp-json\/wp\/v2\/types\/product"}],"wp:featuredmedia":[{"embeddable":true,"href":"https:\/\/kervanmagazacilik.com\/index.php\/wp-json\/wp\/v2\/media\/19418"}],"wp:attachment":[{"href":"https:\/\/kervanmagazacilik.com\/index.php\/wp-json\/wp\/v2\/media?parent=19417"}],"wp:term":[{"taxonomy":"product_brand","embeddable":true,"href":"https:\/\/kervanmagazacilik.com\/index.php\/wp-json\/wp\/v2\/product_brand?post=19417"},{"taxonomy":"product_cat","embeddable":true,"href":"https:\/\/kervanmagazacilik.com\/index.php\/wp-json\/wp\/v2\/product_cat?post=19417"},{"taxonomy":"product_tag","embeddable":true,"href":"https:\/\/kervanmagazacilik.com\/index.php\/wp-json\/wp\/v2\/product_tag?post=19417"}],"curies":[{"name":"wp","href":"https:\/\/api.w.org\/{rel}","templated":true}]}}