{"id":19410,"date":"2024-12-12T14:58:42","date_gmt":"2024-12-12T11:58:42","guid":{"rendered":"https:\/\/kervanmagazacilik.com\/?post_type=product&#038;p=19410"},"modified":"2024-12-12T14:59:37","modified_gmt":"2024-12-12T11:59:37","slug":"012ayd000044","status":"publish","type":"product","link":"https:\/\/kervanmagazacilik.com\/index.php\/urun\/012ayd000044\/","title":{"rendered":"012AYD000044"},"content":{"rendered":"<p>012AYD000044<\/p>\n<p>MELHAS (T.222224) YATAK ORTUSU 3 PRC KREM-TAS CK 250x260cm<\/p>\n<p>YATAK \u00d6RT\u00dcS\u00dc: 250&#215;260 cm YASTIK KILIFI: 50&#215;70 cm (2 adet) \u00d6l\u00e7\u00fcler +\/- 5 cm de\u011fi\u015fkenlik g\u00f6sterebilir 30 derece y\u0131kama \u00c7ama\u015f\u0131r suyu konamaz Kurutma makinesinde kurutulamaz D\u00fc\u015f\u00fck \u0131s\u0131da \u00fct\u00fclenmelidir Kuru temizleme yap\u0131lamaz<\/p>\n","protected":false},"excerpt":{"rendered":"<p>012AYD000044 MELHAS (T.222224) YATAK ORTUSU 3 PRC KREM-TAS CK 250x260cm YATAK \u00d6RT\u00dcS\u00dc: 250&#215;260 cm YASTIK KILIFI: 50&#215;70 cm (2 adet) \u00d6l\u00e7\u00fcler +\/- 5 cm de\u011fi\u015fkenlik g\u00f6sterebilir 30 derece y\u0131kama \u00c7ama\u015f\u0131r suyu konamaz Kurutma makinesinde kurutulamaz D\u00fc\u015f\u00fck \u0131s\u0131da \u00fct\u00fclenmelidir Kuru temizleme yap\u0131lamaz<\/p>\n","protected":false},"featured_media":19416,"template":"","meta":[],"product_brand":[],"product_cat":[4401],"product_tag":[4444],"class_list":{"0":"post-19410","1":"product","2":"type-product","3":"status-publish","4":"has-post-thumbnail","6":"product_cat-012ayd","7":"product_tag-012ayd000044","9":"first","10":"instock","11":"taxable","12":"shipping-taxable","13":"product-type-simple"},"_links":{"self":[{"href":"https:\/\/kervanmagazacilik.com\/index.php\/wp-json\/wp\/v2\/product\/19410","targetHints":{"allow":["GET"]}}],"collection":[{"href":"https:\/\/kervanmagazacilik.com\/index.php\/wp-json\/wp\/v2\/product"}],"about":[{"href":"https:\/\/kervanmagazacilik.com\/index.php\/wp-json\/wp\/v2\/types\/product"}],"wp:featuredmedia":[{"embeddable":true,"href":"https:\/\/kervanmagazacilik.com\/index.php\/wp-json\/wp\/v2\/media\/19416"}],"wp:attachment":[{"href":"https:\/\/kervanmagazacilik.com\/index.php\/wp-json\/wp\/v2\/media?parent=19410"}],"wp:term":[{"taxonomy":"product_brand","embeddable":true,"href":"https:\/\/kervanmagazacilik.com\/index.php\/wp-json\/wp\/v2\/product_brand?post=19410"},{"taxonomy":"product_cat","embeddable":true,"href":"https:\/\/kervanmagazacilik.com\/index.php\/wp-json\/wp\/v2\/product_cat?post=19410"},{"taxonomy":"product_tag","embeddable":true,"href":"https:\/\/kervanmagazacilik.com\/index.php\/wp-json\/wp\/v2\/product_tag?post=19410"}],"curies":[{"name":"wp","href":"https:\/\/api.w.org\/{rel}","templated":true}]}}