{"id":19406,"date":"2024-12-12T14:53:24","date_gmt":"2024-12-12T11:53:24","guid":{"rendered":"https:\/\/kervanmagazacilik.com\/?post_type=product&#038;p=19406"},"modified":"2024-12-12T14:53:25","modified_gmt":"2024-12-12T11:53:25","slug":"759ygt000080","status":"publish","type":"product","link":"https:\/\/kervanmagazacilik.com\/index.php\/urun\/759ygt000080\/","title":{"rendered":"759YGT000080"},"content":{"rendered":"<p>759YGT000080<\/p>\n<p>YZ.5011.M NAR DEKORAT\u0130F AKSESUAR 10X8 CM<\/p>\n<p>Cam<br \/>\nKuru bez ile toz al\u0131nmal\u0131d\u0131r.<\/p>\n","protected":false},"excerpt":{"rendered":"<p>759YGT000080 YZ.5011.M NAR DEKORAT\u0130F AKSESUAR 10X8 CM Cam Kuru bez ile toz al\u0131nmal\u0131d\u0131r.<\/p>\n","protected":false},"featured_media":19408,"template":"","meta":[],"product_brand":[],"product_cat":[278],"product_tag":[4443],"class_list":{"0":"post-19406","1":"product","2":"type-product","3":"status-publish","4":"has-post-thumbnail","6":"product_cat-759ygt","7":"product_tag-759ygt000080","9":"first","10":"instock","11":"taxable","12":"shipping-taxable","13":"product-type-simple"},"_links":{"self":[{"href":"https:\/\/kervanmagazacilik.com\/index.php\/wp-json\/wp\/v2\/product\/19406","targetHints":{"allow":["GET"]}}],"collection":[{"href":"https:\/\/kervanmagazacilik.com\/index.php\/wp-json\/wp\/v2\/product"}],"about":[{"href":"https:\/\/kervanmagazacilik.com\/index.php\/wp-json\/wp\/v2\/types\/product"}],"wp:featuredmedia":[{"embeddable":true,"href":"https:\/\/kervanmagazacilik.com\/index.php\/wp-json\/wp\/v2\/media\/19408"}],"wp:attachment":[{"href":"https:\/\/kervanmagazacilik.com\/index.php\/wp-json\/wp\/v2\/media?parent=19406"}],"wp:term":[{"taxonomy":"product_brand","embeddable":true,"href":"https:\/\/kervanmagazacilik.com\/index.php\/wp-json\/wp\/v2\/product_brand?post=19406"},{"taxonomy":"product_cat","embeddable":true,"href":"https:\/\/kervanmagazacilik.com\/index.php\/wp-json\/wp\/v2\/product_cat?post=19406"},{"taxonomy":"product_tag","embeddable":true,"href":"https:\/\/kervanmagazacilik.com\/index.php\/wp-json\/wp\/v2\/product_tag?post=19406"}],"curies":[{"name":"wp","href":"https:\/\/api.w.org\/{rel}","templated":true}]}}