{"id":1932,"date":"2024-08-23T08:53:41","date_gmt":"2024-08-23T05:53:41","guid":{"rendered":"https:\/\/kervanmagazacilik.com\/?post_type=product&#038;p=1932"},"modified":"2024-08-23T08:53:41","modified_gmt":"2024-08-23T05:53:41","slug":"611ps0000004","status":"publish","type":"product","link":"https:\/\/kervanmagazacilik.com\/index.php\/urun\/611ps0000004\/","title":{"rendered":"611PS0000004"},"content":{"rendered":"<p>611PS0000004<\/p>\n<p>MARK\u0130Z<\/p>\n<p>40x120x40cm SEA662<\/p>\n<p>Maun A\u011fac\u0131 \/ Kuma\u015f %100 Pamuk<br \/>\n1.\/ Silmek i\u00e7in nemli bir bez kullan\u0131n ve ard\u0131ndan t\u00fcm ah\u015fap kaplama bile\u015fenleri i\u00e7in kuru bir bezle silin<br \/>\n2.\/ Herhangi bir mobilyay\u0131 ta\u015f\u0131rken, \u00f6zellikle de b\u00fcy\u00fck e\u015fyalar\u0131 ta\u015f\u0131rken daima yard\u0131m al\u0131n.<\/p>\n","protected":false},"excerpt":{"rendered":"<p>611PS0000004 MARK\u0130Z 40x120x40cm SEA662 Maun A\u011fac\u0131 \/ Kuma\u015f %100 Pamuk 1.\/ Silmek i\u00e7in nemli bir bez kullan\u0131n ve ard\u0131ndan t\u00fcm ah\u015fap kaplama bile\u015fenleri i\u00e7in kuru bir bezle silin 2.\/ Herhangi bir mobilyay\u0131 ta\u015f\u0131rken, \u00f6zellikle de b\u00fcy\u00fck e\u015fyalar\u0131 ta\u015f\u0131rken daima yard\u0131m al\u0131n.<\/p>\n","protected":false},"featured_media":1934,"template":"","meta":[],"product_brand":[],"product_cat":[74],"product_tag":[599],"class_list":{"0":"post-1932","1":"product","2":"type-product","3":"status-publish","4":"has-post-thumbnail","6":"product_cat-611ps","7":"product_tag-611ps0000004","9":"first","10":"instock","11":"taxable","12":"shipping-taxable","13":"product-type-simple"},"_links":{"self":[{"href":"https:\/\/kervanmagazacilik.com\/index.php\/wp-json\/wp\/v2\/product\/1932","targetHints":{"allow":["GET"]}}],"collection":[{"href":"https:\/\/kervanmagazacilik.com\/index.php\/wp-json\/wp\/v2\/product"}],"about":[{"href":"https:\/\/kervanmagazacilik.com\/index.php\/wp-json\/wp\/v2\/types\/product"}],"wp:featuredmedia":[{"embeddable":true,"href":"https:\/\/kervanmagazacilik.com\/index.php\/wp-json\/wp\/v2\/media\/1934"}],"wp:attachment":[{"href":"https:\/\/kervanmagazacilik.com\/index.php\/wp-json\/wp\/v2\/media?parent=1932"}],"wp:term":[{"taxonomy":"product_brand","embeddable":true,"href":"https:\/\/kervanmagazacilik.com\/index.php\/wp-json\/wp\/v2\/product_brand?post=1932"},{"taxonomy":"product_cat","embeddable":true,"href":"https:\/\/kervanmagazacilik.com\/index.php\/wp-json\/wp\/v2\/product_cat?post=1932"},{"taxonomy":"product_tag","embeddable":true,"href":"https:\/\/kervanmagazacilik.com\/index.php\/wp-json\/wp\/v2\/product_tag?post=1932"}],"curies":[{"name":"wp","href":"https:\/\/api.w.org\/{rel}","templated":true}]}}